{"id":37,"date":"2025-02-10T13:40:20","date_gmt":"2025-02-10T13:40:20","guid":{"rendered":"https:\/\/taxi-hartmann.saarbourg-webdesign.de\/?page_id=37"},"modified":"2025-06-12T08:28:42","modified_gmt":"2025-06-12T08:28:42","slug":"jetzt-buchen","status":"publish","type":"page","link":"https:\/\/taxi-hartmann.saarbourg-webdesign.de\/index.php\/jetzt-buchen\/","title":{"rendered":"Jetzt buchen"},"content":{"rendered":"<p>[et_pb_section fb_built=&#8220;1&#8243; fullwidth=&#8220;on&#8220; _builder_version=&#8220;4.27.4&#8243; _module_preset=&#8220;default&#8220; bottom_divider_style=&#8220;asymmetric&#8220; bottom_divider_color=&#8220;#FFFFFF&#8220; bottom_divider_height=&#8220;150px&#8220; bottom_divider_height_tablet=&#8220;100px&#8220; bottom_divider_height_phone=&#8220;70px&#8220; bottom_divider_height_last_edited=&#8220;on|phone&#8220; global_colors_info=&#8220;{}&#8220;][et_pb_fullwidth_header button_one_url=&#8220;#fahrservice&#8220; button_two_url=&#8220;@ET-DC@eyJkeW5hbWljIjp0cnVlLCJjb250ZW50IjoicG9zdF9saW5rX3VybF9wYWdlIiwic2V0dGluZ3MiOnsicG9zdF9pZCI6IjM3In19@&#8220; content_last_edited=&#8220;off|desktop&#8220; _builder_version=&#8220;4.27.4&#8243; _dynamic_attributes=&#8220;button_two_url&#8220; _module_preset=&#8220;default&#8220; title_font_size=&#8220;60px&#8220; background_color=&#8220;#EC6625&#8243; background_image=&#8220;https:\/\/taxi-hartmann.saarbourg-webdesign.de\/wp-content\/uploads\/2025\/02\/Taxi-Hartmann-BG-Orange-1-1.jpg&#8220; parallax=&#8220;on&#8220; parallax_method=&#8220;on&#8220; custom_button_one=&#8220;on&#8220; button_one_text_color=&#8220;#403940&#8243; button_one_bg_color=&#8220;#EAEAEA&#8220; custom_margin=&#8220;||||false|false&#8220; custom_padding=&#8220;100px||200px||false|false&#8220; custom_padding_tablet=&#8220;50px||100px||false|false&#8220; custom_padding_phone=&#8220;30px||50px||false|false&#8220; custom_padding_last_edited=&#8220;on|phone&#8220; title_font_size_tablet=&#8220;50px&#8220; title_font_size_phone=&#8220;35px&#8220; title_font_size_last_edited=&#8220;on|phone&#8220; background_last_edited=&#8220;on|phone&#8220; use_background_color_gradient_phone=&#8220;off&#8220; parallax_tablet=&#8220;off&#8220; global_module=&#8220;292&#8243; global_colors_info=&#8220;{}&#8220; button_one_bg_color__hover_enabled=&#8220;on|hover&#8220; button_one_bg_color__hover=&#8220;#403940&#8243; button_one_bg_enable_color__hover=&#8220;on&#8220; button_one_text_color__hover_enabled=&#8220;on|hover&#8220; button_one_text_color__hover=&#8220;#FFFFFF&#8220;]<\/p>\n<h1><span style=\"color: #403940;\">Jetzt buchen <\/span><br \/>und entspannt ankommen.<\/h1>\n<p>[\/et_pb_fullwidth_header][\/et_pb_section][et_pb_section fb_built=&#8220;1&#8243; _builder_version=&#8220;4.27.4&#8243; _module_preset=&#8220;default&#8220; custom_padding=&#8220;||101px|||&#8220; global_colors_info=&#8220;{}&#8220;][et_pb_row column_structure=&#8220;3_4,1_4&#8243; module_class=&#8220;pa-inline-buttons&#8220; _builder_version=&#8220;4.27.4&#8243; _module_preset=&#8220;default&#8220; max_width=&#8220;1200px&#8220; custom_margin=&#8220;||||false|false&#8220; custom_margin_tablet=&#8220;-50px||||false|false&#8220; custom_margin_phone=&#8220;-50px||||false|false&#8220; custom_margin_last_edited=&#8220;on|phone&#8220; global_colors_info=&#8220;{}&#8220;][et_pb_column type=&#8220;3_4&#8243; _builder_version=&#8220;4.27.4&#8243; _module_preset=&#8220;default&#8220; global_colors_info=&#8220;{}&#8220;][et_pb_text _builder_version=&#8220;4.27.4&#8243; _module_preset=&#8220;default&#8220; header_line_height=&#8220;1.3em&#8220; header_2_font_size=&#8220;45px&#8220; header_2_line_height=&#8220;1.2em&#8220; header_3_font_size=&#8220;35px&#8220; header_3_line_height=&#8220;1.3em&#8220; custom_margin=&#8220;||30px||false|false&#8220; header_font_size_tablet=&#8220;50px&#8220; header_font_size_phone=&#8220;45px&#8220; header_font_size_last_edited=&#8220;on|desktop&#8220; header_2_font_size_tablet=&#8220;35px&#8220; header_2_font_size_phone=&#8220;30px&#8220; header_2_font_size_last_edited=&#8220;on|phone&#8220; header_3_font_size_tablet=&#8220;30px&#8220; header_3_font_size_phone=&#8220;26px&#8220; header_3_font_size_last_edited=&#8220;on|desktop&#8220; global_module=&#8220;116&#8243; saved_tabs=&#8220;all&#8220; global_colors_info=&#8220;{}&#8220;]<\/p>\n<h2>Fahrt anfragen<\/h2>\n<p>Haben Sie Fragen zu unserem Angebot oder m\u00f6chten eine Fahrt buchen?<\/p>\n<p>Unser freundliches Team hilft Ihnen gerne weiter. F\u00fcllen Sie einfach das unten stehende Formular aus, und wir melden uns schnellstm\u00f6glich um Ihnen Ihre Fahrt zu best\u00e4tigen.<\/p>\n<p>Alternativ k\u00f6nnen Sie uns selbstverst\u00e4ndlich auch telefonisch erreichen \u2013 wir freuen uns auf Ihre Anfrage!<\/p>\n<p>[\/et_pb_text][\/et_pb_column][et_pb_column type=&#8220;1_4&#8243; disabled_on=&#8220;on|on|off&#8220; _builder_version=&#8220;4.27.4&#8243; _module_preset=&#8220;default&#8220; global_colors_info=&#8220;{}&#8220;][\/et_pb_column][\/et_pb_row][et_pb_row column_structure=&#8220;2_3,1_3&#8243; _builder_version=&#8220;4.27.4&#8243; _module_preset=&#8220;default&#8220; width_tablet=&#8220;&#8220; width_phone=&#8220;90%&#8220; width_last_edited=&#8220;on|phone&#8220; max_width=&#8220;1200px&#8220; custom_margin=&#8220;-30px||||false|false&#8220; custom_margin_tablet=&#8220;-50px||||false|false&#8220; custom_margin_phone=&#8220;-50px||||false|false&#8220; custom_margin_last_edited=&#8220;on|phone&#8220; global_colors_info=&#8220;{}&#8220;][et_pb_column type=&#8220;2_3&#8243; _builder_version=&#8220;4.27.4&#8243; _module_preset=&#8220;default&#8220; custom_padding=&#8220;||||false|false&#8220; global_colors_info=&#8220;{}&#8220;][dvppl_cf7_styler cf7=&#8220;227&#8243; form_field_height=&#8220;37px&#8220; form_field_padding=&#8220;10px|10px|10px|10px|false|false&#8220; form_background_color=&#8220;#FFFFFF&#8220; form_field_active_color=&#8220;#EAEAEA&#8220; _builder_version=&#8220;4.27.4&#8243; _module_preset=&#8220;default&#8220; form_field_font_text_color=&#8220;#403940&#8243; form_field_font_font_size=&#8220;16px&#8220; background_color=&#8220;#FFFFFF&#8220; custom_submit_button=&#8220;on&#8220; submit_button_text_size=&#8220;18px&#8220; submit_button_text_color=&#8220;#FFFFFF&#8220; submit_button_bg_color=&#8220;#EC6625&#8243; submit_button_border_color=&#8220;RGBA(255,255,255,0)&#8220; submit_button_border_radius=&#8220;40px&#8220; custom_padding=&#8220;30px|30px|30px|30px|false|false&#8220; border_radii=&#8220;on|10px|10px|10px|10px&#8220; border_width_all_field=&#8220;1px&#8220; border_color_all_field=&#8220;#EC6625&#8243; box_shadow_style=&#8220;preset1&#8243; global_module=&#8220;314&#8243; saved_tabs=&#8220;all&#8220; global_colors_info=&#8220;{}&#8220; submit_button_bg_color__hover_enabled=&#8220;on|desktop&#8220; submit_button_bg_color__hover=&#8220;#403940&#8243; submit_button_bg_enable_color__hover=&#8220;on&#8220;][\/dvppl_cf7_styler][\/et_pb_column][et_pb_column type=&#8220;1_3&#8243; _builder_version=&#8220;4.27.4&#8243; _module_preset=&#8220;default&#8220; custom_padding=&#8220;20px|5%||0px|false|false&#8220; custom_padding_tablet=&#8220;20px|5%||0px|false|false&#8220; custom_padding_phone=&#8220;|||5%|false|false&#8220; custom_padding_last_edited=&#8220;on|desktop&#8220; global_colors_info=&#8220;{}&#8220;][et_pb_image src=&#8220;https:\/\/taxi-hartmann.saarbourg-webdesign.de\/wp-content\/uploads\/2025\/02\/Taxi-Hartmann_Logo_Farbig_Webseite.svg&#8220; title_text=&#8220;Taxi-Hartmann_Logo_Farbig_Webseite&#8220; _builder_version=&#8220;4.27.4&#8243; _module_preset=&#8220;default&#8220; global_colors_info=&#8220;{}&#8220;][\/et_pb_image][et_pb_blurb icon_placement=&#8220;left&#8220; image_icon_width=&#8220;25px&#8220; content_max_width=&#8220;100%&#8220; title_last_edited=&#8220;off|desktop&#8220; content_last_edited=&#8220;on|phone&#8220; _builder_version=&#8220;4.27.4&#8243; _dynamic_attributes=&#8220;link_option_url&#8220; _module_preset=&#8220;default&#8220; header_text_color=&#8220;#403940&#8243; header_font_size=&#8220;20px&#8220; body_font_size=&#8220;18px&#8220; image_icon_custom_margin=&#8220;0px|-5px|0px||false|false&#8220; image_icon_custom_padding=&#8220;||||false|false&#8220; transform_translate_linked=&#8220;off&#8220; custom_margin=&#8220;-10px|||-15px|false|false&#8220; custom_padding=&#8220;||||false|false&#8220; hover_enabled=&#8220;0&#8243; body_text_color_last_edited=&#8220;off|desktop&#8220; global_module=&#8220;74&#8243; saved_tabs=&#8220;all&#8220; global_colors_info=&#8220;{}&#8220; transform_styles__hover_enabled=&#8220;on|desktop&#8220; transform_scale__hover_enabled=&#8220;on|desktop&#8220; transform_translate__hover_enabled=&#8220;on|desktop&#8220; transform_rotate__hover_enabled=&#8220;on|desktop&#8220; transform_skew__hover_enabled=&#8220;on|desktop&#8220; transform_origin__hover_enabled=&#8220;on|desktop&#8220; transform_translate__hover=&#8220;10px|0px&#8220; font_icon__hover_enabled=&#8220;on|desktop&#8220; font_icon__hover=&#8220;\ue050||divi||400&#8243; sticky_enabled=&#8220;0&#8243; url=&#8220;https:\/\/wa.me\/016090144145&#8243; image=&#8220;https:\/\/taxi-hartmann.saarbourg-webdesign.de\/wp-content\/uploads\/2025\/02\/Icon-Anschrift.svg&#8220; content_tablet=&#8220;<\/p>\n<p><strong>Taxi Hartmann<\/strong><br \/>Hellenstra\u00dfe 14<br \/>35519 Rockenberg<\/p>\n<p>&#8220; content_phone=&#8220;<\/p>\n<p><strong>Taxi Hartmann<\/strong><br \/>Hellenstra\u00dfe 14<br \/>35519 Rockenberg<\/p>\n<p>&#8222;]<\/p>\n<p><strong>Taxi Hartmann<\/strong><br \/>Hellenstra\u00dfe 14<br \/>35519 Rockenberg<\/p>\n<p>[\/et_pb_blurb][et_pb_blurb icon_placement=&#8220;left&#8220; image_icon_width=&#8220;25px&#8220; content_max_width=&#8220;100%&#8220; title_last_edited=&#8220;off|desktop&#8220; content_last_edited=&#8220;on|phone&#8220; _builder_version=&#8220;4.27.4&#8243; _dynamic_attributes=&#8220;link_option_url&#8220; _module_preset=&#8220;default&#8220; header_text_color=&#8220;#403940&#8243; header_font_size=&#8220;20px&#8220; body_font_size=&#8220;18px&#8220; image_icon_custom_margin=&#8220;0px|-5px|0px||false|false&#8220; image_icon_custom_padding=&#8220;||||false|false&#8220; transform_translate_linked=&#8220;off&#8220; custom_margin=&#8220;-10px|||-15px|false|false&#8220; custom_padding=&#8220;||||false|false&#8220; hover_enabled=&#8220;0&#8243; body_text_color_last_edited=&#8220;off|desktop&#8220; global_module=&#8220;74&#8243; saved_tabs=&#8220;all&#8220; global_colors_info=&#8220;{}&#8220; transform_styles__hover_enabled=&#8220;on|desktop&#8220; transform_scale__hover_enabled=&#8220;on|desktop&#8220; transform_translate__hover_enabled=&#8220;on|desktop&#8220; transform_rotate__hover_enabled=&#8220;on|desktop&#8220; transform_skew__hover_enabled=&#8220;on|desktop&#8220; transform_origin__hover_enabled=&#8220;on|desktop&#8220; transform_translate__hover=&#8220;10px|0px&#8220; font_icon__hover_enabled=&#8220;on|desktop&#8220; font_icon__hover=&#8220;\ue050||divi||400&#8243; sticky_enabled=&#8220;0&#8243; url=&#8220;tel:06033970097&#8243; image=&#8220;https:\/\/taxi-hartmann.saarbourg-webdesign.de\/wp-content\/uploads\/2025\/02\/Icon-Telefon.svg&#8220; content_tablet=&#8220;<\/p>\n<p>Tel. 06033 97 00 97<\/p>\n<p>&#8220; content_phone=&#8220;<\/p>\n<p>Tel. 06033 97 00 97<\/p>\n<p>&#8220; link_option_url=&#8220;tel:06033970097&#8243;]<\/p>\n<p>Tel. 06033 97 00 97<\/p>\n<p>[\/et_pb_blurb][et_pb_blurb url=&#8220;https:\/\/wa.me\/016090144145&#8243; image=&#8220;https:\/\/taxi-hartmann.saarbourg-webdesign.de\/wp-content\/uploads\/2025\/02\/Icon-Whatsapp.svg&#8220; icon_placement=&#8220;left&#8220; image_icon_width=&#8220;25px&#8220; content_max_width=&#8220;100%&#8220; title_last_edited=&#8220;off|desktop&#8220; content_tablet=&#8220;<\/p>\n<p><strong>WhatsApp<\/strong> 0160 90 14 41 45<\/p>\n<p>&#8220; content_phone=&#8220;<\/p>\n<p><strong>WhatsApp<\/strong> 0160 90 14 41 45<\/p>\n<p>&#8220; content_last_edited=&#8220;on|phone&#8220; _builder_version=&#8220;4.27.4&#8243; _dynamic_attributes=&#8220;link_option_url&#8220; _module_preset=&#8220;default&#8220; header_text_color=&#8220;#403940&#8243; header_font_size=&#8220;20px&#8220; body_font_size=&#8220;18px&#8220; image_icon_custom_margin=&#8220;0px|-5px|0px||false|false&#8220; image_icon_custom_padding=&#8220;||||false|false&#8220; transform_translate_linked=&#8220;off&#8220; custom_margin=&#8220;-10px|||-15px|false|false&#8220; custom_padding=&#8220;||||false|false&#8220; link_option_url=&#8220;https:\/\/wa.me\/016090144145&#8243; hover_enabled=&#8220;0&#8243; body_text_color_last_edited=&#8220;off|desktop&#8220; global_module=&#8220;74&#8243; saved_tabs=&#8220;all&#8220; global_colors_info=&#8220;{}&#8220; transform_styles__hover_enabled=&#8220;on|desktop&#8220; transform_scale__hover_enabled=&#8220;on|desktop&#8220; transform_translate__hover_enabled=&#8220;on|desktop&#8220; transform_rotate__hover_enabled=&#8220;on|desktop&#8220; transform_skew__hover_enabled=&#8220;on|desktop&#8220; transform_origin__hover_enabled=&#8220;on|desktop&#8220; transform_translate__hover=&#8220;10px|0px&#8220; font_icon__hover_enabled=&#8220;on|desktop&#8220; font_icon__hover=&#8220;\ue050||divi||400&#8243; sticky_enabled=&#8220;0&#8243;]<\/p>\n<p><strong>WhatsApp<\/strong> 0160 90 144 145<\/p>\n<p>[\/et_pb_blurb][et_pb_blurb icon_placement=&#8220;left&#8220; image_icon_width=&#8220;25px&#8220; content_max_width=&#8220;100%&#8220; title_last_edited=&#8220;off|desktop&#8220; content_last_edited=&#8220;on|phone&#8220; _builder_version=&#8220;4.27.4&#8243; _dynamic_attributes=&#8220;link_option_url&#8220; _module_preset=&#8220;default&#8220; header_text_color=&#8220;#403940&#8243; header_font_size=&#8220;20px&#8220; body_font_size=&#8220;18px&#8220; image_icon_custom_margin=&#8220;0px|-5px|0px||false|false&#8220; image_icon_custom_padding=&#8220;||||false|false&#8220; transform_translate_linked=&#8220;off&#8220; custom_margin=&#8220;-10px|||-15px|false|false&#8220; custom_padding=&#8220;||||false|false&#8220; hover_enabled=&#8220;0&#8243; body_text_color_last_edited=&#8220;off|desktop&#8220; global_module=&#8220;74&#8243; saved_tabs=&#8220;all&#8220; global_colors_info=&#8220;{}&#8220; transform_styles__hover_enabled=&#8220;on|desktop&#8220; transform_scale__hover_enabled=&#8220;on|desktop&#8220; transform_translate__hover_enabled=&#8220;on|desktop&#8220; transform_rotate__hover_enabled=&#8220;on|desktop&#8220; transform_skew__hover_enabled=&#8220;on|desktop&#8220; transform_origin__hover_enabled=&#8220;on|desktop&#8220; transform_translate__hover=&#8220;10px|0px&#8220; font_icon__hover_enabled=&#8220;on|desktop&#8220; font_icon__hover=&#8220;\ue050||divi||400&#8243; sticky_enabled=&#8220;0&#8243; url=&#8220;mailto:info@taxi-hartmann.net&#8220; image=&#8220;https:\/\/taxi-hartmann.saarbourg-webdesign.de\/wp-content\/uploads\/2025\/02\/Icon-E-Mail.svg&#8220; content_tablet=&#8220;<\/p>\n<p><strong>E-Mail<\/strong> info@taxi-hartmann.net<\/p>\n<p>&#8220; content_phone=&#8220;<\/p>\n<p><strong>E-Mail<\/strong> info@taxi-hartmann.net<\/p>\n<p>&#8220; link_option_url=&#8220;mailto:info@taxi-hartmann.net&#8220;]<\/p>\n<p><strong>E-Mail<\/strong> info@taxi-hartmann.net<\/p>\n<p>[\/et_pb_blurb][\/et_pb_column][\/et_pb_row][\/et_pb_section][et_pb_section fb_built=&#8220;1&#8243; prev_background_color=&#8220;#ffffff&#8220; module_id=&#8220;fahrservice&#8220; _builder_version=&#8220;4.27.4&#8243; _module_preset=&#8220;default&#8220; background_image=&#8220;https:\/\/taxi-hartmann.saarbourg-webdesign.de\/wp-content\/uploads\/2025\/02\/Taxi-Hartmann-BG-Orange-2-1.jpg&#8220; parallax=&#8220;on&#8220; custom_margin=&#8220;||||false|false&#8220; custom_padding=&#8220;100px||||false|false&#8220; top_divider_style=&#8220;asymmetric&#8220; top_divider_height=&#8220;150px&#8220; top_divider_flip=&#8220;vertical|horizontal&#8220; top_divider_height_tablet=&#8220;100px&#8220; top_divider_height_phone=&#8220;70px&#8220; top_divider_height_last_edited=&#8220;on|phone&#8220; global_module=&#8220;319&#8243; saved_tabs=&#8220;all&#8220; global_colors_info=&#8220;{}&#8220;][et_pb_row column_structure=&#8220;3_5,2_5&#8243; _builder_version=&#8220;4.27.4&#8243; _module_preset=&#8220;default&#8220; max_width=&#8220;1200px&#8220; custom_margin=&#8220;||||false|false&#8220; custom_padding=&#8220;||0px||false|false&#8220; global_colors_info=&#8220;{}&#8220;][et_pb_column type=&#8220;3_5&#8243; _builder_version=&#8220;4.27.4&#8243; _module_preset=&#8220;default&#8220; global_colors_info=&#8220;{}&#8220;][et_pb_text _builder_version=&#8220;4.27.4&#8243; _module_preset=&#8220;default&#8220; header_line_height=&#8220;1.3em&#8220; header_2_font_size=&#8220;45px&#8220; header_2_line_height=&#8220;1.2em&#8220; header_3_font_size=&#8220;35px&#8220; header_3_line_height=&#8220;1.3em&#8220; background_layout=&#8220;dark&#8220; custom_margin=&#8220;||30px||false|false&#8220; header_font_size_tablet=&#8220;50px&#8220; header_font_size_phone=&#8220;45px&#8220; header_font_size_last_edited=&#8220;on|desktop&#8220; header_2_font_size_tablet=&#8220;35px&#8220; header_2_font_size_phone=&#8220;30px&#8220; header_2_font_size_last_edited=&#8220;on|phone&#8220; header_3_font_size_tablet=&#8220;30px&#8220; header_3_font_size_phone=&#8220;26px&#8220; header_3_font_size_last_edited=&#8220;on|desktop&#8220; global_colors_info=&#8220;{}&#8220;]<\/p>\n<h2><span style=\"color: #403940;\">Unser Fahrservice<\/span><\/h2>\n<p>Ob f\u00fcr wichtige Arzttermine oder Ihre n\u00e4chste Flugreise \u2013 Taxi Hartmann bietet Ihnen p\u00fcnktliche Krankentransporte und stressfreie Flughafentransfers. Verlassen Sie sich auf unseren professionellen Service und unsere freundlichen Fahrer.<\/p>\n<p>[\/et_pb_text][\/et_pb_column][et_pb_column type=&#8220;2_5&#8243; _builder_version=&#8220;4.27.4&#8243; _module_preset=&#8220;default&#8220; global_colors_info=&#8220;{}&#8220;][\/et_pb_column][\/et_pb_row][et_pb_row column_structure=&#8220;1_2,1_2&#8243; use_custom_gutter=&#8220;on&#8220; gutter_width=&#8220;2&#8243; _builder_version=&#8220;4.27.4&#8243; _module_preset=&#8220;default&#8220; max_width=&#8220;1200px&#8220; global_colors_info=&#8220;{}&#8220;][et_pb_column type=&#8220;1_2&#8243; _builder_version=&#8220;4.27.4&#8243; _module_preset=&#8220;default&#8220; global_colors_info=&#8220;{}&#8220;][difl_hoverbox title=&#8220;Krankenfahrten&#8220; hb_btn_button_text=&#8220;Mehr erfahren&#8220; hb_btn_button_url=&#8220;@ET-DC@eyJkeW5hbWljIjp0cnVlLCJjb250ZW50IjoicG9zdF9saW5rX3VybF9wYWdlIiwic2V0dGluZ3MiOnsicG9zdF9pZCI6IjM0In19@&#8220; hb_btn_button_url_new_window=&#8220;1&#8243; hb_btn_button_align=&#8220;center&#8220; button_on_hover=&#8220;on&#8220; background_scale=&#8220;on&#8220; anim_direction=&#8220;top&#8220; hb_btn_background_bgcolor=&#8220;#EC6625&#8243; hb_background_use_gradient=&#8220;on&#8220; hb_background_color_gradient_1=&#8220;rgba(64,57,64,0.7)&#8220; hb_background_color_gradient_2=&#8220;rgba(64,57,64,0.7)&#8220; hb_background_above_image=&#8220;on&#8220; hb_background_background_image=&#8220;https:\/\/taxi-hartmann.saarbourg-webdesign.de\/wp-content\/uploads\/2025\/02\/Taxi-Hartmann-Fahrservice_Krankenfahrten.jpg&#8220; vertical_align=&#8220;center&#8220; title_tag=&#8220;h3&#8243; button_wrapper_margin=&#8220;||||false|false&#8220; button_wrapper_padding=&#8220;||||false|false&#8220; button_margin=&#8220;||||false|false&#8220; button_padding=&#8220;10px|20px|8px|20px|false|false&#8220; _builder_version=&#8220;4.27.4&#8243; _dynamic_attributes=&#8220;link_option_url,hb_btn_button_url&#8220; _module_preset=&#8220;default&#8220; title_text_align=&#8220;center&#8220; title_text_color=&#8220;#FFFFFF&#8220; title_font_size=&#8220;40px&#8220; content_text_align=&#8220;left&#8220; button_text_align=&#8220;center&#8220; button_text_color=&#8220;#FFFFFF&#8220; button_font_size=&#8220;18px&#8220; min_height=&#8220;300px&#8220; min_height_tablet=&#8220;300px&#8220; min_height_phone=&#8220;200px&#8220; min_height_last_edited=&#8220;on|tablet&#8220; link_option_url=&#8220;@ET-DC@eyJkeW5hbWljIjp0cnVlLCJjb250ZW50IjoicG9zdF9saW5rX3VybF9wYWdlIiwic2V0dGluZ3MiOnsicG9zdF9pZCI6IjM0In19@&#8220; title_font_size_tablet=&#8220;40px&#8220; title_font_size_phone=&#8220;30px&#8220; title_font_size_last_edited=&#8220;on|phone&#8220; border_radii_button=&#8220;on|30px|30px|30px|30px&#8220; global_colors_info=&#8220;{}&#8220; hb_background_color_gradient_1__hover_enabled=&#8220;on|desktop&#8220; hb_background_color_gradient_1__hover=&#8220;RGBA(255,255,255,0)&#8220; hb_background_color_gradient_2__hover_enabled=&#8220;on|hover&#8220; hb_background_color_gradient_2__hover=&#8220;rgba(64,57,64,0.7)&#8220; title_font_size__hover_enabled=&#8220;off|desktop&#8220;][\/difl_hoverbox][\/et_pb_column][et_pb_column type=&#8220;1_2&#8243; _builder_version=&#8220;4.27.4&#8243; _module_preset=&#8220;default&#8220; global_colors_info=&#8220;{}&#8220;][difl_hoverbox title=&#8220;Flughafentransfer&#8220; hb_btn_button_text=&#8220;Mehr erfahren&#8220; hb_btn_button_url=&#8220;@ET-DC@eyJkeW5hbWljIjp0cnVlLCJjb250ZW50IjoicG9zdF9saW5rX3VybF9wYWdlIiwic2V0dGluZ3MiOnsicG9zdF9pZCI6IjMzIn19@&#8220; hb_btn_button_url_new_window=&#8220;1&#8243; hb_btn_button_align=&#8220;center&#8220; button_on_hover=&#8220;on&#8220; background_scale=&#8220;on&#8220; anim_direction=&#8220;top&#8220; hb_btn_background_bgcolor=&#8220;#EC6625&#8243; hb_background_use_gradient=&#8220;on&#8220; hb_background_color_gradient_1=&#8220;rgba(64,57,64,0.7)&#8220; hb_background_color_gradient_2=&#8220;rgba(64,57,64,0.7)&#8220; hb_background_above_image=&#8220;on&#8220; hb_background_background_image=&#8220;https:\/\/taxi-hartmann.saarbourg-webdesign.de\/wp-content\/uploads\/2025\/02\/Taxi-Hartmann-Fahrservice_Flughafentransfer.jpg&#8220; vertical_align=&#8220;center&#8220; title_tag=&#8220;h3&#8243; button_wrapper_margin=&#8220;||||false|false&#8220; button_wrapper_padding=&#8220;||||false|false&#8220; button_margin=&#8220;||||false|false&#8220; button_padding=&#8220;10px|20px|8px|20px|false|false&#8220; _builder_version=&#8220;4.27.4&#8243; _dynamic_attributes=&#8220;hb_btn_button_url,link_option_url&#8220; _module_preset=&#8220;default&#8220; title_text_align=&#8220;center&#8220; title_text_color=&#8220;#FFFFFF&#8220; title_font_size=&#8220;40px&#8220; content_text_align=&#8220;left&#8220; button_text_align=&#8220;center&#8220; button_text_color=&#8220;#FFFFFF&#8220; button_font_size=&#8220;18px&#8220; min_height=&#8220;300px&#8220; min_height_tablet=&#8220;300px&#8220; min_height_phone=&#8220;200px&#8220; min_height_last_edited=&#8220;on|tablet&#8220; link_option_url=&#8220;@ET-DC@eyJkeW5hbWljIjp0cnVlLCJjb250ZW50IjoicG9zdF9saW5rX3VybF9wYWdlIiwic2V0dGluZ3MiOnsicG9zdF9pZCI6IjMzIn19@&#8220; title_font_size_tablet=&#8220;40px&#8220; title_font_size_phone=&#8220;30px&#8220; title_font_size_last_edited=&#8220;on|phone&#8220; border_radii_button=&#8220;on|30px|30px|30px|30px&#8220; global_colors_info=&#8220;{}&#8220; hb_background_color_gradient_1__hover_enabled=&#8220;on|desktop&#8220; hb_background_color_gradient_1__hover=&#8220;RGBA(255,255,255,0)&#8220; hb_background_color_gradient_2__hover_enabled=&#8220;on|hover&#8220; hb_background_color_gradient_2__hover=&#8220;rgba(64,57,64,0.7)&#8220; title_font_size__hover_enabled=&#8220;off|desktop&#8220;][\/difl_hoverbox][\/et_pb_column][\/et_pb_row][\/et_pb_section]<\/p>\n","protected":false},"excerpt":{"rendered":"<p>Jetzt buchen und entspannt ankommen.Fahrt anfragen Haben Sie Fragen zu unserem Angebot oder m\u00f6chten eine Fahrt buchen? Unser freundliches Team hilft Ihnen gerne weiter. F\u00fcllen Sie einfach das unten stehende Formular aus, und wir melden uns schnellstm\u00f6glich um Ihnen Ihre Fahrt zu best\u00e4tigen. Alternativ k\u00f6nnen Sie uns selbstverst\u00e4ndlich auch telefonisch erreichen \u2013 wir freuen uns [&hellip;]<\/p>\n","protected":false},"author":1,"featured_media":0,"parent":0,"menu_order":0,"comment_status":"closed","ping_status":"closed","template":"","meta":{"_et_pb_use_builder":"on","_et_pb_old_content":"","_et_gb_content_width":"","footnotes":""},"difl_page_category":[],"class_list":["post-37","page","type-page","status-publish","hentry"],"_links":{"self":[{"href":"https:\/\/taxi-hartmann.saarbourg-webdesign.de\/index.php\/wp-json\/wp\/v2\/pages\/37","targetHints":{"allow":["GET"]}}],"collection":[{"href":"https:\/\/taxi-hartmann.saarbourg-webdesign.de\/index.php\/wp-json\/wp\/v2\/pages"}],"about":[{"href":"https:\/\/taxi-hartmann.saarbourg-webdesign.de\/index.php\/wp-json\/wp\/v2\/types\/page"}],"author":[{"embeddable":true,"href":"https:\/\/taxi-hartmann.saarbourg-webdesign.de\/index.php\/wp-json\/wp\/v2\/users\/1"}],"replies":[{"embeddable":true,"href":"https:\/\/taxi-hartmann.saarbourg-webdesign.de\/index.php\/wp-json\/wp\/v2\/comments?post=37"}],"version-history":[{"count":12,"href":"https:\/\/taxi-hartmann.saarbourg-webdesign.de\/index.php\/wp-json\/wp\/v2\/pages\/37\/revisions"}],"predecessor-version":[{"id":517,"href":"https:\/\/taxi-hartmann.saarbourg-webdesign.de\/index.php\/wp-json\/wp\/v2\/pages\/37\/revisions\/517"}],"wp:attachment":[{"href":"https:\/\/taxi-hartmann.saarbourg-webdesign.de\/index.php\/wp-json\/wp\/v2\/media?parent=37"}],"wp:term":[{"taxonomy":"difl_page_category","embeddable":true,"href":"https:\/\/taxi-hartmann.saarbourg-webdesign.de\/index.php\/wp-json\/wp\/v2\/difl_page_category?post=37"}],"curies":[{"name":"wp","href":"https:\/\/api.w.org\/{rel}","templated":true}]}}