{"id":36,"date":"2025-02-10T13:40:20","date_gmt":"2025-02-10T13:40:20","guid":{"rendered":"https:\/\/taxi-hartmann.saarbourg-webdesign.de\/?page_id=36"},"modified":"2025-06-12T07:21:09","modified_gmt":"2025-06-12T07:21:09","slug":"faq","status":"publish","type":"page","link":"https:\/\/taxi-hartmann.saarbourg-webdesign.de\/index.php\/faq\/","title":{"rendered":"FAQ"},"content":{"rendered":"<p>[et_pb_section fb_built=&#8220;1&#8243; fullwidth=&#8220;on&#8220; _builder_version=&#8220;4.27.4&#8243; _module_preset=&#8220;default&#8220; bottom_divider_style=&#8220;asymmetric&#8220; bottom_divider_color=&#8220;#FFFFFF&#8220; bottom_divider_height=&#8220;150px&#8220; bottom_divider_height_tablet=&#8220;100px&#8220; bottom_divider_height_phone=&#8220;70px&#8220; bottom_divider_height_last_edited=&#8220;on|phone&#8220; global_colors_info=&#8220;{}&#8220;][et_pb_fullwidth_header button_one_url=&#8220;#fahrservice&#8220; button_two_url=&#8220;@ET-DC@eyJkeW5hbWljIjp0cnVlLCJjb250ZW50IjoicG9zdF9saW5rX3VybF9wYWdlIiwic2V0dGluZ3MiOnsicG9zdF9pZCI6IjM3In19@&#8220; content_last_edited=&#8220;off|desktop&#8220; _builder_version=&#8220;4.27.4&#8243; _dynamic_attributes=&#8220;button_two_url&#8220; _module_preset=&#8220;default&#8220; title_font_size=&#8220;60px&#8220; background_color=&#8220;#EC6625&#8243; background_image=&#8220;https:\/\/taxi-hartmann.saarbourg-webdesign.de\/wp-content\/uploads\/2025\/02\/Taxi-Hartmann-BG-Orange-1-1.jpg&#8220; parallax=&#8220;on&#8220; parallax_method=&#8220;on&#8220; custom_button_one=&#8220;on&#8220; button_one_text_color=&#8220;#403940&#8243; button_one_bg_color=&#8220;#EAEAEA&#8220; custom_margin=&#8220;||||false|false&#8220; custom_padding=&#8220;100px||200px||false|false&#8220; custom_padding_tablet=&#8220;50px||100px||false|false&#8220; custom_padding_phone=&#8220;30px||50px||false|false&#8220; custom_padding_last_edited=&#8220;on|phone&#8220; title_font_size_tablet=&#8220;50px&#8220; title_font_size_phone=&#8220;35px&#8220; title_font_size_last_edited=&#8220;on|phone&#8220; background_last_edited=&#8220;on|phone&#8220; use_background_color_gradient_phone=&#8220;off&#8220; parallax_tablet=&#8220;off&#8220; global_module=&#8220;292&#8243; global_colors_info=&#8220;{}&#8220; button_one_bg_color__hover_enabled=&#8220;on|hover&#8220; button_one_bg_color__hover=&#8220;#403940&#8243; button_one_bg_enable_color__hover=&#8220;on&#8220; button_one_text_color__hover_enabled=&#8220;on|hover&#8220; button_one_text_color__hover=&#8220;#FFFFFF&#8220;]<\/p>\n<h1><span style=\"color: #403940;\"><span style=\"caret-color: #403940;\">Fragen <br \/><\/span><\/span>und Antworten.<\/h1>\n<p>[\/et_pb_fullwidth_header][\/et_pb_section][et_pb_section fb_built=&#8220;1&#8243; _builder_version=&#8220;4.27.4&#8243; _module_preset=&#8220;default&#8220; custom_padding=&#8220;||101px|||&#8220; global_colors_info=&#8220;{}&#8220;][et_pb_row _builder_version=&#8220;4.27.4&#8243; _module_preset=&#8220;default&#8220; global_module=&#8220;342&#8243; global_colors_info=&#8220;{}&#8220;][et_pb_column type=&#8220;4_4&#8243; _builder_version=&#8220;4.27.4&#8243; _module_preset=&#8220;default&#8220; global_colors_info=&#8220;{}&#8220;][et_pb_text _builder_version=&#8220;4.27.4&#8243; _module_preset=&#8220;default&#8220; header_line_height=&#8220;1.3em&#8220; header_2_font_size=&#8220;45px&#8220; header_2_line_height=&#8220;1.2em&#8220; header_3_font_size=&#8220;35px&#8220; header_3_line_height=&#8220;1.3em&#8220; text_orientation=&#8220;center&#8220; custom_margin=&#8220;||30px||false|false&#8220; header_font_size_tablet=&#8220;50px&#8220; header_font_size_phone=&#8220;45px&#8220; header_font_size_last_edited=&#8220;on|desktop&#8220; header_2_font_size_tablet=&#8220;35px&#8220; header_2_font_size_phone=&#8220;30px&#8220; header_2_font_size_last_edited=&#8220;on|phone&#8220; header_3_font_size_tablet=&#8220;30px&#8220; header_3_font_size_phone=&#8220;26px&#8220; header_3_font_size_last_edited=&#8220;on|desktop&#8220; global_colors_info=&#8220;{}&#8220;]<\/p>\n<h2><span style=\"color: #403940;\">Oft gestellte<\/span> Fragen<\/h2>\n<p>[\/et_pb_text][et_pb_toggle title=&#8220;F\u00e4hrt Taxi Hartmann auch nachts oder an Feiertagen?&#8220; open_toggle_text_color=&#8220;#EC6625&#8243; open_toggle_background_color=&#8220;#EAEAEA&#8220; closed_toggle_background_color=&#8220;#EC6625&#8243; icon_color=&#8220;#FFFFFF&#8220; use_icon_font_size=&#8220;on&#8220; icon_font_size=&#8220;20px&#8220; open_icon_color=&#8220;#EC6625&#8243; open_use_icon_font_size=&#8220;on&#8220; open_icon_font_size=&#8220;20px&#8220; _builder_version=&#8220;4.27.4&#8243; _module_preset=&#8220;default&#8220; title_text_color=&#8220;#FFFFFF&#8220; title_level=&#8220;h4&#8243; title_font_size=&#8220;24px&#8220; background_color=&#8220;#EC6625&#8243; hover_enabled=&#8220;0&#8243; border_width_all=&#8220;0px&#8220; icon_color__hover=&#8220;#403940&#8243; icon_color__hover_enabled=&#8220;on|desktop&#8220; global_colors_info=&#8220;{}&#8220; open_icon_color__hover_enabled=&#8220;on|desktop&#8220; open_icon_color__hover=&#8220;#403940&#8243; sticky_enabled=&#8220;0&#8243;]<\/p>\n<p>Das ist die Antwort. Lorem ipsum dolor sit amet, consetetur sadipscing elitr, sed diam nonumy eirmod tempor invidunt ut labore et dolore magna aliquyam erat, sed diam voluptua. At vero eos et accusam et justo duo dolores et ea rebum. Stet clita kasd gubergren, no sea takimata sanctus est Lorem ipsum dolor sit amet. Lorem ipsum dolor sit amet, consetetur sadipscing elitr, sed diam nonumy eirmod tempor invidunt ut labore et dolore magna aliquyam erat, sed diam voluptua. At vero eos et accusam et justo duo dolores et ea rebum. Stet clita kasd gubergren, no sea takimata sanctus est Lorem ipsum dolor sit amet.<\/p>\n<p>[\/et_pb_toggle][et_pb_toggle title=&#8220; Was ist, wenn ich etwas im Taxi vergesse?&#8220; open_toggle_text_color=&#8220;#EC6625&#8243; open_toggle_background_color=&#8220;#EAEAEA&#8220; closed_toggle_background_color=&#8220;#EC6625&#8243; icon_color=&#8220;#FFFFFF&#8220; use_icon_font_size=&#8220;on&#8220; icon_font_size=&#8220;20px&#8220; open_icon_color=&#8220;#EC6625&#8243; open_use_icon_font_size=&#8220;on&#8220; open_icon_font_size=&#8220;20px&#8220; _builder_version=&#8220;4.27.4&#8243; _module_preset=&#8220;default&#8220; title_text_color=&#8220;#FFFFFF&#8220; title_level=&#8220;h4&#8243; title_font_size=&#8220;24px&#8220; background_color=&#8220;#EC6625&#8243; hover_enabled=&#8220;0&#8243; border_width_all=&#8220;0px&#8220; icon_color__hover=&#8220;#403940&#8243; icon_color__hover_enabled=&#8220;on|desktop&#8220; global_colors_info=&#8220;{}&#8220; open_icon_color__hover_enabled=&#8220;on|desktop&#8220; open_icon_color__hover=&#8220;#403940&#8243; sticky_enabled=&#8220;0&#8243;]<\/p>\n<p>Das ist die Antwort. Lorem ipsum dolor sit amet, consetetur sadipscing elitr, sed diam nonumy eirmod tempor invidunt ut labore et dolore magna aliquyam erat, sed diam voluptua. At vero eos et accusam et justo duo dolores et ea rebum. Stet clita kasd gubergren, no sea takimata sanctus est Lorem ipsum dolor sit amet. Lorem ipsum dolor sit amet, consetetur sadipscing elitr, sed diam nonumy eirmod tempor invidunt ut labore et dolore magna aliquyam erat, sed diam voluptua. At vero eos et accusam et justo duo dolores et ea rebum. Stet clita kasd gubergren, no sea takimata sanctus est Lorem ipsum dolor sit amet.<\/p>\n<p>[\/et_pb_toggle][et_pb_toggle title=&#8220; Kann ich ein Taxi f\u00fcr regelm\u00e4\u00dfige Fahrten buchen (z.\u202fB. zur Dialyse)&#8220; open_toggle_text_color=&#8220;#EC6625&#8243; open_toggle_background_color=&#8220;#EAEAEA&#8220; closed_toggle_background_color=&#8220;#EC6625&#8243; icon_color=&#8220;#FFFFFF&#8220; use_icon_font_size=&#8220;on&#8220; icon_font_size=&#8220;20px&#8220; open_icon_color=&#8220;#EC6625&#8243; open_use_icon_font_size=&#8220;on&#8220; open_icon_font_size=&#8220;20px&#8220; _builder_version=&#8220;4.27.4&#8243; _module_preset=&#8220;default&#8220; title_text_color=&#8220;#FFFFFF&#8220; title_level=&#8220;h4&#8243; title_font_size=&#8220;24px&#8220; background_color=&#8220;#EC6625&#8243; hover_enabled=&#8220;0&#8243; border_width_all=&#8220;0px&#8220; icon_color__hover=&#8220;#403940&#8243; icon_color__hover_enabled=&#8220;on|desktop&#8220; global_colors_info=&#8220;{}&#8220; open_icon_color__hover_enabled=&#8220;on|desktop&#8220; open_icon_color__hover=&#8220;#403940&#8243; sticky_enabled=&#8220;0&#8243;]<\/p>\n<p>Das ist die Antwort. Lorem ipsum dolor sit amet, consetetur sadipscing elitr, sed diam nonumy eirmod tempor invidunt ut labore et dolore magna aliquyam erat, sed diam voluptua. At vero eos et accusam et justo duo dolores et ea rebum. Stet clita kasd gubergren, no sea takimata sanctus est Lorem ipsum dolor sit amet. Lorem ipsum dolor sit amet, consetetur sadipscing elitr, sed diam nonumy eirmod tempor invidunt ut labore et dolore magna aliquyam erat, sed diam voluptua. At vero eos et accusam et justo duo dolores et ea rebum. Stet clita kasd gubergren, no sea takimata sanctus est Lorem ipsum dolor sit amet.<\/p>\n<p>[\/et_pb_toggle][et_pb_toggle title=&#8220;Wie lange im Voraus sollte ich buchen?&#8220; open_toggle_text_color=&#8220;#EC6625&#8243; open_toggle_background_color=&#8220;#EAEAEA&#8220; closed_toggle_background_color=&#8220;#EC6625&#8243; icon_color=&#8220;#FFFFFF&#8220; use_icon_font_size=&#8220;on&#8220; icon_font_size=&#8220;20px&#8220; open_icon_color=&#8220;#EC6625&#8243; open_use_icon_font_size=&#8220;on&#8220; open_icon_font_size=&#8220;20px&#8220; _builder_version=&#8220;4.27.4&#8243; _module_preset=&#8220;default&#8220; title_text_color=&#8220;#FFFFFF&#8220; title_level=&#8220;h4&#8243; title_font_size=&#8220;24px&#8220; background_color=&#8220;#EC6625&#8243; hover_enabled=&#8220;0&#8243; border_width_all=&#8220;0px&#8220; icon_color__hover=&#8220;#403940&#8243; icon_color__hover_enabled=&#8220;on|desktop&#8220; global_colors_info=&#8220;{}&#8220; open_icon_color__hover_enabled=&#8220;on|desktop&#8220; open_icon_color__hover=&#8220;#403940&#8243; sticky_enabled=&#8220;0&#8243;]<\/p>\n<p>Das ist die Antwort. Lorem ipsum dolor sit amet, consetetur sadipscing elitr, sed diam nonumy eirmod tempor invidunt ut labore et dolore magna aliquyam erat, sed diam voluptua. At vero eos et accusam et justo duo dolores et ea rebum. Stet clita kasd gubergren, no sea takimata sanctus est Lorem ipsum dolor sit amet. Lorem ipsum dolor sit amet, consetetur sadipscing elitr, sed diam nonumy eirmod tempor invidunt ut labore et dolore magna aliquyam erat, sed diam voluptua. At vero eos et accusam et justo duo dolores et ea rebum. Stet clita kasd gubergren, no sea takimata sanctus est Lorem ipsum dolor sit amet.<\/p>\n<p>[\/et_pb_toggle][et_pb_toggle title=&#8220; Gibt es Kindersitze im Taxi?&#8220; open_toggle_text_color=&#8220;#EC6625&#8243; open_toggle_background_color=&#8220;#EAEAEA&#8220; closed_toggle_background_color=&#8220;#EC6625&#8243; icon_color=&#8220;#FFFFFF&#8220; use_icon_font_size=&#8220;on&#8220; icon_font_size=&#8220;20px&#8220; open_icon_color=&#8220;#EC6625&#8243; open_use_icon_font_size=&#8220;on&#8220; open_icon_font_size=&#8220;20px&#8220; _builder_version=&#8220;4.27.4&#8243; _module_preset=&#8220;default&#8220; title_text_color=&#8220;#FFFFFF&#8220; title_level=&#8220;h4&#8243; title_font_size=&#8220;24px&#8220; background_color=&#8220;#EC6625&#8243; hover_enabled=&#8220;0&#8243; border_width_all=&#8220;0px&#8220; icon_color__hover=&#8220;#403940&#8243; icon_color__hover_enabled=&#8220;on|desktop&#8220; global_colors_info=&#8220;{}&#8220; open_icon_color__hover_enabled=&#8220;on|desktop&#8220; open_icon_color__hover=&#8220;#403940&#8243; sticky_enabled=&#8220;0&#8243;]<\/p>\n<p>Das ist die Antwort. Lorem ipsum dolor sit amet, consetetur sadipscing elitr, sed diam nonumy eirmod tempor invidunt ut labore et dolore magna aliquyam erat, sed diam voluptua. At vero eos et accusam et justo duo dolores et ea rebum. Stet clita kasd gubergren, no sea takimata sanctus est Lorem ipsum dolor sit amet. Lorem ipsum dolor sit amet, consetetur sadipscing elitr, sed diam nonumy eirmod tempor invidunt ut labore et dolore magna aliquyam erat, sed diam voluptua. At vero eos et accusam et justo duo dolores et ea rebum. Stet clita kasd gubergren, no sea takimata sanctus est Lorem ipsum dolor sit amet.<\/p>\n<p>[\/et_pb_toggle][et_pb_toggle title=&#8220;Werden Haustiere mitgenommen?&#8220; open_toggle_text_color=&#8220;#EC6625&#8243; open_toggle_background_color=&#8220;#EAEAEA&#8220; closed_toggle_background_color=&#8220;#EC6625&#8243; icon_color=&#8220;#FFFFFF&#8220; use_icon_font_size=&#8220;on&#8220; icon_font_size=&#8220;20px&#8220; open_icon_color=&#8220;#EC6625&#8243; open_use_icon_font_size=&#8220;on&#8220; open_icon_font_size=&#8220;20px&#8220; _builder_version=&#8220;4.27.4&#8243; _module_preset=&#8220;default&#8220; title_text_color=&#8220;#FFFFFF&#8220; title_level=&#8220;h4&#8243; title_font_size=&#8220;24px&#8220; background_color=&#8220;#EC6625&#8243; hover_enabled=&#8220;0&#8243; border_width_all=&#8220;0px&#8220; icon_color__hover=&#8220;#403940&#8243; icon_color__hover_enabled=&#8220;on|desktop&#8220; global_colors_info=&#8220;{}&#8220; open_icon_color__hover_enabled=&#8220;on|desktop&#8220; open_icon_color__hover=&#8220;#403940&#8243; sticky_enabled=&#8220;0&#8243;]<\/p>\n<p>Das ist die Antwort. Lorem ipsum dolor sit amet, consetetur sadipscing elitr, sed diam nonumy eirmod tempor invidunt ut labore et dolore magna aliquyam erat, sed diam voluptua. At vero eos et accusam et justo duo dolores et ea rebum. Stet clita kasd gubergren, no sea takimata sanctus est Lorem ipsum dolor sit amet. Lorem ipsum dolor sit amet, consetetur sadipscing elitr, sed diam nonumy eirmod tempor invidunt ut labore et dolore magna aliquyam erat, sed diam voluptua. At vero eos et accusam et justo duo dolores et ea rebum. Stet clita kasd gubergren, no sea takimata sanctus est Lorem ipsum dolor sit amet.<\/p>\n<p>[\/et_pb_toggle][et_pb_toggle title=&#8220;Was passiert, wenn mein Flug Versp\u00e4tung hat?&#8220; open_toggle_text_color=&#8220;#EC6625&#8243; open_toggle_background_color=&#8220;#EAEAEA&#8220; closed_toggle_background_color=&#8220;#EC6625&#8243; icon_color=&#8220;#FFFFFF&#8220; use_icon_font_size=&#8220;on&#8220; icon_font_size=&#8220;20px&#8220; open_icon_color=&#8220;#EC6625&#8243; open_use_icon_font_size=&#8220;on&#8220; open_icon_font_size=&#8220;20px&#8220; _builder_version=&#8220;4.27.4&#8243; _module_preset=&#8220;default&#8220; title_text_color=&#8220;#FFFFFF&#8220; title_level=&#8220;h4&#8243; title_font_size=&#8220;24px&#8220; background_color=&#8220;#EC6625&#8243; hover_enabled=&#8220;0&#8243; border_width_all=&#8220;0px&#8220; icon_color__hover=&#8220;#403940&#8243; icon_color__hover_enabled=&#8220;on|desktop&#8220; global_colors_info=&#8220;{}&#8220; open_icon_color__hover_enabled=&#8220;on|desktop&#8220; open_icon_color__hover=&#8220;#403940&#8243; sticky_enabled=&#8220;0&#8243;]<\/p>\n<p>Das ist die Antwort. Lorem ipsum dolor sit amet, consetetur sadipscing elitr, sed diam nonumy eirmod tempor invidunt ut labore et dolore magna aliquyam erat, sed diam voluptua. At vero eos et accusam et justo duo dolores et ea rebum. Stet clita kasd gubergren, no sea takimata sanctus est Lorem ipsum dolor sit amet. Lorem ipsum dolor sit amet, consetetur sadipscing elitr, sed diam nonumy eirmod tempor invidunt ut labore et dolore magna aliquyam erat, sed diam voluptua. At vero eos et accusam et justo duo dolores et ea rebum. Stet clita kasd gubergren, no sea takimata sanctus est Lorem ipsum dolor sit amet.<\/p>\n<p>[\/et_pb_toggle][\/et_pb_column][\/et_pb_row][\/et_pb_section]<\/p>\n","protected":false},"excerpt":{"rendered":"<p>Fragen und Antworten.Oft gestellte FragenDas ist die Antwort. Lorem ipsum dolor sit amet, consetetur sadipscing elitr, sed diam nonumy eirmod tempor invidunt ut labore et dolore magna aliquyam erat, sed diam voluptua. At vero eos et accusam et justo duo dolores et ea rebum. Stet clita kasd gubergren, no sea takimata sanctus est Lorem ipsum [&hellip;]<\/p>\n","protected":false},"author":1,"featured_media":0,"parent":0,"menu_order":0,"comment_status":"closed","ping_status":"closed","template":"","meta":{"_et_pb_use_builder":"on","_et_pb_old_content":"","_et_gb_content_width":"","footnotes":""},"difl_page_category":[],"class_list":["post-36","page","type-page","status-publish","hentry"],"_links":{"self":[{"href":"https:\/\/taxi-hartmann.saarbourg-webdesign.de\/index.php\/wp-json\/wp\/v2\/pages\/36","targetHints":{"allow":["GET"]}}],"collection":[{"href":"https:\/\/taxi-hartmann.saarbourg-webdesign.de\/index.php\/wp-json\/wp\/v2\/pages"}],"about":[{"href":"https:\/\/taxi-hartmann.saarbourg-webdesign.de\/index.php\/wp-json\/wp\/v2\/types\/page"}],"author":[{"embeddable":true,"href":"https:\/\/taxi-hartmann.saarbourg-webdesign.de\/index.php\/wp-json\/wp\/v2\/users\/1"}],"replies":[{"embeddable":true,"href":"https:\/\/taxi-hartmann.saarbourg-webdesign.de\/index.php\/wp-json\/wp\/v2\/comments?post=36"}],"version-history":[{"count":4,"href":"https:\/\/taxi-hartmann.saarbourg-webdesign.de\/index.php\/wp-json\/wp\/v2\/pages\/36\/revisions"}],"predecessor-version":[{"id":488,"href":"https:\/\/taxi-hartmann.saarbourg-webdesign.de\/index.php\/wp-json\/wp\/v2\/pages\/36\/revisions\/488"}],"wp:attachment":[{"href":"https:\/\/taxi-hartmann.saarbourg-webdesign.de\/index.php\/wp-json\/wp\/v2\/media?parent=36"}],"wp:term":[{"taxonomy":"difl_page_category","embeddable":true,"href":"https:\/\/taxi-hartmann.saarbourg-webdesign.de\/index.php\/wp-json\/wp\/v2\/difl_page_category?post=36"}],"curies":[{"name":"wp","href":"https:\/\/api.w.org\/{rel}","templated":true}]}}