{"id":35,"date":"2025-02-10T13:40:20","date_gmt":"2025-02-10T13:40:20","guid":{"rendered":"https:\/\/taxi-hartmann.saarbourg-webdesign.de\/?page_id=35"},"modified":"2025-06-16T13:22:59","modified_gmt":"2025-06-16T13:22:59","slug":"ueber-uns","status":"publish","type":"page","link":"https:\/\/taxi-hartmann.saarbourg-webdesign.de\/index.php\/ueber-uns\/","title":{"rendered":"\u00dcber uns"},"content":{"rendered":"<p>[et_pb_section fb_built=&#8220;1&#8243; fullwidth=&#8220;on&#8220; _builder_version=&#8220;4.27.4&#8243; _module_preset=&#8220;default&#8220; bottom_divider_style=&#8220;asymmetric&#8220; bottom_divider_color=&#8220;#FFFFFF&#8220; bottom_divider_height=&#8220;150px&#8220; bottom_divider_height_tablet=&#8220;100px&#8220; bottom_divider_height_phone=&#8220;70px&#8220; bottom_divider_height_last_edited=&#8220;on|phone&#8220; global_colors_info=&#8220;{}&#8220;][et_pb_fullwidth_header button_one_url=&#8220;#fahrservice&#8220; button_two_url=&#8220;@ET-DC@eyJkeW5hbWljIjp0cnVlLCJjb250ZW50IjoicG9zdF9saW5rX3VybF9wYWdlIiwic2V0dGluZ3MiOnsicG9zdF9pZCI6IjM3In19@&#8220; content_last_edited=&#8220;off|desktop&#8220; _builder_version=&#8220;4.27.4&#8243; _dynamic_attributes=&#8220;button_two_url&#8220; _module_preset=&#8220;default&#8220; title_font_size=&#8220;60px&#8220; background_color=&#8220;#EC6625&#8243; background_image=&#8220;https:\/\/taxi-hartmann.saarbourg-webdesign.de\/wp-content\/uploads\/2025\/02\/Taxi-Hartmann-BG-Orange-1-1.jpg&#8220; parallax=&#8220;on&#8220; parallax_method=&#8220;on&#8220; custom_button_one=&#8220;on&#8220; button_one_text_color=&#8220;#403940&#8243; button_one_bg_color=&#8220;#EAEAEA&#8220; custom_margin=&#8220;||||false|false&#8220; custom_padding=&#8220;100px||200px||false|false&#8220; custom_padding_tablet=&#8220;50px||100px||false|false&#8220; custom_padding_phone=&#8220;30px||50px||false|false&#8220; custom_padding_last_edited=&#8220;on|phone&#8220; title_font_size_tablet=&#8220;50px&#8220; title_font_size_phone=&#8220;35px&#8220; title_font_size_last_edited=&#8220;on|phone&#8220; background_last_edited=&#8220;on|phone&#8220; use_background_color_gradient_phone=&#8220;off&#8220; parallax_tablet=&#8220;off&#8220; global_module=&#8220;292&#8243; global_colors_info=&#8220;{}&#8220; button_one_bg_color__hover_enabled=&#8220;on|hover&#8220; button_one_bg_color__hover=&#8220;#403940&#8243; button_one_bg_enable_color__hover=&#8220;on&#8220; button_one_text_color__hover_enabled=&#8220;on|hover&#8220; button_one_text_color__hover=&#8220;#FFFFFF&#8220;]<\/p>\n<h1><span style=\"color: #403940;\"><span style=\"caret-color: #403940;\">Taxi Hartmann\u00a0<br \/><\/span><\/span>\u00dcber Uns.<\/h1>\n<p>[\/et_pb_fullwidth_header][\/et_pb_section][et_pb_section fb_built=&#8220;1&#8243; _builder_version=&#8220;4.27.4&#8243; _module_preset=&#8220;default&#8220; custom_padding=&#8220;||101px|||&#8220; global_colors_info=&#8220;{}&#8220;][et_pb_row column_structure=&#8220;2_5,3_5&#8243; _builder_version=&#8220;4.27.4&#8243; _module_preset=&#8220;default&#8220; global_colors_info=&#8220;{}&#8220;][et_pb_column type=&#8220;2_5&#8243; _builder_version=&#8220;4.27.4&#8243; _module_preset=&#8220;default&#8220; global_colors_info=&#8220;{}&#8220;][et_pb_image src=&#8220;data:image\/svg+xml;base64,PHN2ZyB3aWR0aD0iMTA4MCIgaGVpZ2h0PSI1NDAiIHZpZXdCb3g9IjAgMCAxMDgwIDU0MCIgeG1sbnM9Imh0dHA6Ly93d3cudzMub3JnLzIwMDAvc3ZnIj4KICAgIDxnIGZpbGw9Im5vbmUiIGZpbGwtcnVsZT0iZXZlbm9kZCI+CiAgICAgICAgPHBhdGggZmlsbD0iI0VCRUJFQiIgZD0iTTAgMGgxMDgwdjU0MEgweiIvPgogICAgICAgIDxwYXRoIGQ9Ik00NDUuNjQ5IDU0MGgtOTguOTk1TDE0NC42NDkgMzM3Ljk5NSAwIDQ4Mi42NDR2LTk4Ljk5NWwxMTYuMzY1LTExNi4zNjVjMTUuNjItMTUuNjIgNDAuOTQ3LTE1LjYyIDU2LjU2OCAwTDQ0NS42NSA1NDB6IiBmaWxsLW9wYWNpdHk9Ii4xIiBmaWxsPSIjMDAwIiBmaWxsLXJ1bGU9Im5vbnplcm8iLz4KICAgICAgICA8Y2lyY2xlIGZpbGwtb3BhY2l0eT0iLjA1IiBmaWxsPSIjMDAwIiBjeD0iMzMxIiBjeT0iMTQ4IiByPSI3MCIvPgogICAgICAgIDxwYXRoIGQ9Ik0xMDgwIDM3OXYxMTMuMTM3TDcyOC4xNjIgMTQwLjMgMzI4LjQ2MiA1NDBIMjE1LjMyNEw2OTkuODc4IDU1LjQ0NmMxNS42Mi0xNS42MiA0MC45NDgtMTUuNjIgNTYuNTY4IDBMMTA4MCAzNzl6IiBmaWxsLW9wYWNpdHk9Ii4yIiBmaWxsPSIjMDAwIiBmaWxsLXJ1bGU9Im5vbnplcm8iLz4KICAgIDwvZz4KPC9zdmc+Cg==&#8220; _builder_version=&#8220;4.27.4&#8243; _module_preset=&#8220;default&#8220; border_width_all=&#8220;2px&#8220; border_color_all=&#8220;#EC6625&#8243; global_colors_info=&#8220;{}&#8220;][\/et_pb_image][\/et_pb_column][et_pb_column type=&#8220;3_5&#8243; _builder_version=&#8220;4.27.4&#8243; _module_preset=&#8220;default&#8220; global_colors_info=&#8220;{}&#8220;][et_pb_text _builder_version=&#8220;4.27.4&#8243; _module_preset=&#8220;default&#8220; header_line_height=&#8220;1.3em&#8220; header_2_font_size=&#8220;45px&#8220; header_2_line_height=&#8220;1.2em&#8220; header_3_font_size=&#8220;35px&#8220; header_3_line_height=&#8220;1.3em&#8220; custom_margin=&#8220;||30px||false|false&#8220; header_font_size_tablet=&#8220;50px&#8220; header_font_size_phone=&#8220;45px&#8220; header_font_size_last_edited=&#8220;on|desktop&#8220; header_2_font_size_tablet=&#8220;35px&#8220; header_2_font_size_phone=&#8220;30px&#8220; header_2_font_size_last_edited=&#8220;on|phone&#8220; header_3_font_size_tablet=&#8220;30px&#8220; header_3_font_size_phone=&#8220;26px&#8220; header_3_font_size_last_edited=&#8220;on|desktop&#8220; global_module=&#8220;116&#8243; saved_tabs=&#8220;all&#8220; global_colors_info=&#8220;{}&#8220;]<\/p>\n<h2>Ihr zuverl\u00e4ssiges<br \/>Taxi in der Wetterau<\/h2>\n<p>Seit \u00fcber 50 Jahren steht Taxi Hartmann f\u00fcr Tradition und Zuverl\u00e4ssigkeit in der Personenbef\u00f6rderung. In der dritten Generation bieten wir unseren Kunden einen pers\u00f6nlichen Service, der weit \u00fcber das \u00dcbliche hinausgeht. Unser erfahrenes Team von Fahrern sorgt daf\u00fcr, dass Sie sicher und komfortabel an Ihr Ziel gelangen.<\/p>\n<p>[\/et_pb_text][\/et_pb_column][\/et_pb_row][\/et_pb_section]<\/p>\n","protected":false},"excerpt":{"rendered":"<p>Taxi Hartmann\u00a0\u00dcber Uns.Ihr zuverl\u00e4ssigesTaxi in der Wetterau Seit \u00fcber 50 Jahren steht Taxi Hartmann f\u00fcr Tradition und Zuverl\u00e4ssigkeit in der Personenbef\u00f6rderung. In der dritten Generation bieten wir unseren Kunden einen pers\u00f6nlichen Service, der weit \u00fcber das \u00dcbliche hinausgeht. Unser erfahrenes Team von Fahrern sorgt daf\u00fcr, dass Sie sicher und komfortabel an Ihr Ziel gelangen.<\/p>\n","protected":false},"author":1,"featured_media":0,"parent":0,"menu_order":0,"comment_status":"closed","ping_status":"closed","template":"","meta":{"_et_pb_use_builder":"on","_et_pb_old_content":"","_et_gb_content_width":"","footnotes":""},"difl_page_category":[],"class_list":["post-35","page","type-page","status-publish","hentry"],"_links":{"self":[{"href":"https:\/\/taxi-hartmann.saarbourg-webdesign.de\/index.php\/wp-json\/wp\/v2\/pages\/35","targetHints":{"allow":["GET"]}}],"collection":[{"href":"https:\/\/taxi-hartmann.saarbourg-webdesign.de\/index.php\/wp-json\/wp\/v2\/pages"}],"about":[{"href":"https:\/\/taxi-hartmann.saarbourg-webdesign.de\/index.php\/wp-json\/wp\/v2\/types\/page"}],"author":[{"embeddable":true,"href":"https:\/\/taxi-hartmann.saarbourg-webdesign.de\/index.php\/wp-json\/wp\/v2\/users\/1"}],"replies":[{"embeddable":true,"href":"https:\/\/taxi-hartmann.saarbourg-webdesign.de\/index.php\/wp-json\/wp\/v2\/comments?post=35"}],"version-history":[{"count":5,"href":"https:\/\/taxi-hartmann.saarbourg-webdesign.de\/index.php\/wp-json\/wp\/v2\/pages\/35\/revisions"}],"predecessor-version":[{"id":528,"href":"https:\/\/taxi-hartmann.saarbourg-webdesign.de\/index.php\/wp-json\/wp\/v2\/pages\/35\/revisions\/528"}],"wp:attachment":[{"href":"https:\/\/taxi-hartmann.saarbourg-webdesign.de\/index.php\/wp-json\/wp\/v2\/media?parent=35"}],"wp:term":[{"taxonomy":"difl_page_category","embeddable":true,"href":"https:\/\/taxi-hartmann.saarbourg-webdesign.de\/index.php\/wp-json\/wp\/v2\/difl_page_category?post=35"}],"curies":[{"name":"wp","href":"https:\/\/api.w.org\/{rel}","templated":true}]}}