{"id":34,"date":"2025-02-10T13:40:20","date_gmt":"2025-02-10T13:40:20","guid":{"rendered":"https:\/\/taxi-hartmann.saarbourg-webdesign.de\/?page_id=34"},"modified":"2025-06-16T13:22:27","modified_gmt":"2025-06-16T13:22:27","slug":"krankenfahrten","status":"publish","type":"page","link":"https:\/\/taxi-hartmann.saarbourg-webdesign.de\/index.php\/krankenfahrten\/","title":{"rendered":"Krankenfahrten"},"content":{"rendered":"<p>[et_pb_section fb_built=&#8220;1&#8243; fullwidth=&#8220;on&#8220; _builder_version=&#8220;4.27.4&#8243; _module_preset=&#8220;default&#8220; bottom_divider_style=&#8220;asymmetric&#8220; bottom_divider_color=&#8220;#FFFFFF&#8220; bottom_divider_height=&#8220;150px&#8220; bottom_divider_height_tablet=&#8220;100px&#8220; bottom_divider_height_phone=&#8220;70px&#8220; bottom_divider_height_last_edited=&#8220;on|phone&#8220; global_colors_info=&#8220;{}&#8220;][et_pb_fullwidth_header content_last_edited=&#8220;off|desktop&#8220; _builder_version=&#8220;4.27.4&#8243; _dynamic_attributes=&#8220;button_two_url&#8220; _module_preset=&#8220;default&#8220; title_font_size=&#8220;60px&#8220; use_background_color_gradient=&#8220;on&#8220; background_color_gradient_stops=&#8220;rgba(64,57,64,0.7) 0%|rgba(64,57,64,0.8) 99%&#8220; background_color_gradient_overlays_image=&#8220;on&#8220; background_image=&#8220;https:\/\/taxi-hartmann.saarbourg-webdesign.de\/wp-content\/uploads\/2025\/02\/Taxi-Hartmann_Headerbild_Krankenfahrten.jpg&#8220; parallax=&#8220;on&#8220; parallax_method=&#8220;on&#8220; custom_button_one=&#8220;on&#8220; button_one_text_color=&#8220;#403940&#8243; button_one_bg_color=&#8220;#EAEAEA&#8220; custom_margin=&#8220;||||false|false&#8220; custom_padding=&#8220;100px||200px||false|false&#8220; custom_padding_tablet=&#8220;50px||100px||false|false&#8220; custom_padding_phone=&#8220;30px||50px||false|false&#8220; custom_padding_last_edited=&#8220;on|phone&#8220; title_font_size_tablet=&#8220;50px&#8220; title_font_size_phone=&#8220;35px&#8220; title_font_size_last_edited=&#8220;on|phone&#8220; background_last_edited=&#8220;on|phone&#8220; parallax_tablet=&#8220;off&#8220; global_module=&#8220;292&#8243; saved_tabs=&#8220;all&#8220; global_colors_info=&#8220;{}&#8220; button_one_bg_color__hover_enabled=&#8220;on|hover&#8220; button_one_bg_color__hover=&#8220;#403940&#8243; button_one_bg_enable_color__hover=&#8220;on&#8220; button_one_text_color__hover_enabled=&#8220;on|hover&#8220; button_one_text_color__hover=&#8220;#FFFFFF&#8220;]<\/p>\n<h1>Krankenfahrten<\/h1>\n<p>Ob zur Behandlung, Therapie oder Untersuchung \u2013 wir bringen Sie p\u00fcnktlich und bequem zum Arzt oder ins Krankenhaus. Unser erfahrenes Team unterst\u00fctzt Sie bei jeder Fahrt und k\u00fcmmert sich um die Abrechnung mit Ihrer Krankenkasse.<\/p>\n<p>[\/et_pb_fullwidth_header][\/et_pb_section][et_pb_section fb_built=&#8220;1&#8243; _builder_version=&#8220;4.27.4&#8243; _module_preset=&#8220;default&#8220; custom_margin=&#8220;0px||||false|false&#8220; custom_padding=&#8220;||100px||false|false&#8220; global_colors_info=&#8220;{}&#8220;][et_pb_row _builder_version=&#8220;4.27.4&#8243; _module_preset=&#8220;default&#8220; custom_margin=&#8220;||||false|false&#8220; custom_padding=&#8220;0px||||false|false&#8220; global_colors_info=&#8220;{}&#8220;][et_pb_column type=&#8220;4_4&#8243; _builder_version=&#8220;4.27.4&#8243; _module_preset=&#8220;default&#8220; global_colors_info=&#8220;{}&#8220;][et_pb_text _builder_version=&#8220;4.27.4&#8243; _module_preset=&#8220;default&#8220; header_line_height=&#8220;1.3em&#8220; header_2_font_size=&#8220;45px&#8220; header_2_line_height=&#8220;1.2em&#8220; header_3_font_size=&#8220;35px&#8220; header_3_line_height=&#8220;1.3em&#8220; custom_margin=&#8220;||30px||false|false&#8220; header_font_size_tablet=&#8220;50px&#8220; header_font_size_phone=&#8220;45px&#8220; header_font_size_last_edited=&#8220;on|desktop&#8220; header_2_font_size_tablet=&#8220;35px&#8220; header_2_font_size_phone=&#8220;30px&#8220; header_2_font_size_last_edited=&#8220;on|phone&#8220; header_3_font_size_tablet=&#8220;30px&#8220; header_3_font_size_phone=&#8220;26px&#8220; header_3_font_size_last_edited=&#8220;on|desktop&#8220; global_module=&#8220;116&#8243; saved_tabs=&#8220;all&#8220; global_colors_info=&#8220;{}&#8220;]<\/p>\n<h2>Ihr verl\u00e4sslicher Partner<br \/>f\u00fcr Krankenfahrten<\/h2>\n<p>Taxi Hartmann bietet Ihnen sichere und bequeme Krankenfahrten zu allen medizinischen Terminen \u2013 ob zur Dialyse, Chemo-\/Strahlentherapie, Reha oder einem Facharztbesuch. Unser Service ist speziell darauf ausgerichtet, Ihren Transport so angenehm wie m\u00f6glich zu gestalten.<\/p>\n<p>Unsere erfahrenen Fahrer holen Sie p\u00fcnktlich ab, helfen Ihnen bei Bedarf beim Ein- und Aussteigen und begleiten Sie zuverl\u00e4ssig zu Ihrem Ziel. Dabei k\u00fcmmern wir uns auch um die Abrechnung mit Ihrer Krankenkasse, falls die Fahrt verordnet ist.<\/p>\n<p>[\/et_pb_text][et_pb_text _builder_version=&#8220;4.27.4&#8243; _module_preset=&#8220;default&#8220; header_line_height=&#8220;1.3em&#8220; header_2_font_size=&#8220;45px&#8220; header_2_line_height=&#8220;1.2em&#8220; header_3_font_size=&#8220;35px&#8220; header_3_line_height=&#8220;1.3em&#8220; custom_margin=&#8220;||30px||false|false&#8220; header_font_size_tablet=&#8220;50px&#8220; header_font_size_phone=&#8220;45px&#8220; header_font_size_last_edited=&#8220;on|desktop&#8220; header_2_font_size_tablet=&#8220;35px&#8220; header_2_font_size_phone=&#8220;30px&#8220; header_2_font_size_last_edited=&#8220;on|phone&#8220; header_3_font_size_tablet=&#8220;30px&#8220; header_3_font_size_phone=&#8220;26px&#8220; header_3_font_size_last_edited=&#8220;on|desktop&#8220; global_module=&#8220;116&#8243; saved_tabs=&#8220;all&#8220; global_colors_info=&#8220;{}&#8220;]<\/p>\n<h3><span style=\"color: #403940;\">Unsere Leistungen im \u00dcberblick:<\/span><\/h3>\n<p>[\/et_pb_text][\/et_pb_column][\/et_pb_row][et_pb_row use_custom_gutter=&#8220;on&#8220; gutter_width=&#8220;2&#8243; _builder_version=&#8220;4.27.4&#8243; _module_preset=&#8220;default&#8220; custom_margin=&#8220;-100px||||false|false&#8220; global_colors_info=&#8220;{}&#8220;][et_pb_column type=&#8220;4_4&#8243; _builder_version=&#8220;4.27.4&#8243; _module_preset=&#8220;default&#8220; global_colors_info=&#8220;{}&#8220;][difl_iconlist list_view_type=&#8220;inline&#8220; list_item_per_column=&#8220;4&#8243; list_item_gap=&#8220;5px&#8220; list_item_content_background_bgcolor=&#8220;#403940&#8243; list_item_content_max_width=&#8220;100%&#8220; list_item_icon_color=&#8220;#EC6625&#8243; list_item_image_width=&#8220;75px&#8220; list_item_image_height=&#8220;75px&#8220; list_item_icon_text_gap=&#8220;0px&#8220; list_item_icon_wrapper_margin=&#8220;|-5px|||false|false&#8220; list_item_title_margin=&#8220;|-10px|||false|false&#8220; list_item_wrapper_margin=&#8220;||||false|false&#8220; list_item_wrapper_padding=&#8220;|0px|||false|false&#8220; list_item_per_column_tablet=&#8220;2&#8243; list_item_per_column_phone=&#8220;1&#8243; list_item_per_column_last_edited=&#8220;on|phone&#8220; list_item_gap_tablet=&#8220;5px&#8220; list_item_gap_phone=&#8220;0px&#8220; list_item_gap_last_edited=&#8220;on|phone&#8220; _builder_version=&#8220;4.27.4&#8243; _module_preset=&#8220;default&#8220; child_icon_text_text_color=&#8220;#403940&#8243; child_icon_text_font_size=&#8220;17px&#8220; child_title_text_font=&#8220;|600|||||||&#8220; child_title_text_text_color=&#8220;#403940&#8243; child_title_text_line_height=&#8220;1.4em&#8220; custom_margin=&#8220;|||-30px|false|false&#8220; border_radii_child_image_icon=&#8220;on|100px|100px|100px|100px&#8220; global_colors_info=&#8220;{}&#8220; list_item_icon_bg_color__hover_enabled=&#8220;on|hover&#8220; list_item_icon_bg_color__hover=&#8220;rgba(255,255,255,0.51)&#8220;][difl_iconlistitem list_item_title=&#8220;Abholung direkt vor Ihrer Haust\u00fcr inklusive Gep\u00e4ckservice&#8220; list_item_icon_type=&#8220;image&#8220; list_item_image=&#8220;https:\/\/taxi-hartmann.saarbourg-webdesign.de\/wp-content\/uploads\/2025\/02\/Taxi-Hartmann_Service-Gepaeck.svg&#8220; _builder_version=&#8220;4.27.4&#8243; global_colors_info=&#8220;{}&#8220;][\/difl_iconlistitem][difl_iconlistitem list_item_title=&#8220;Unterst\u00fctzung beim Ein- und Aussteigen&#8220; list_item_icon_type=&#8220;image&#8220; list_item_image=&#8220;https:\/\/taxi-hartmann.saarbourg-webdesign.de\/wp-content\/uploads\/2025\/02\/Taxi-Hartmann_Service-Fahrer.svg&#8220; _builder_version=&#8220;4.27.4&#8243; global_colors_info=&#8220;{}&#8220;][\/difl_iconlistitem][difl_iconlistitem list_item_title=&#8220;Angenehmer, sicherer und barrierefreier Transport&#8220; list_item_icon_type=&#8220;image&#8220; list_item_image=&#8220;https:\/\/taxi-hartmann.saarbourg-webdesign.de\/wp-content\/uploads\/2025\/02\/Taxi-Hartmann_Service-Barrierefrei.svg&#8220; _builder_version=&#8220;4.27.4&#8243; global_colors_info=&#8220;{}&#8220;][\/difl_iconlistitem][difl_iconlistitem list_item_title=&#8220;Abrechnung mit allen Krankenkasse&#8220; list_item_icon_type=&#8220;image&#8220; list_item_image=&#8220;https:\/\/taxi-hartmann.saarbourg-webdesign.de\/wp-content\/uploads\/2025\/02\/Taxi-Hartmann_Service-Krankenkasse.svg&#8220; _builder_version=&#8220;4.27.4&#8243; global_colors_info=&#8220;{}&#8220;][\/difl_iconlistitem][\/difl_iconlist][\/et_pb_column][\/et_pb_row][\/et_pb_section][et_pb_section fb_built=&#8220;1&#8243; _builder_version=&#8220;4.27.4&#8243; _module_preset=&#8220;default&#8220; background_color=&#8220;#EAEAEA&#8220; use_background_color_gradient=&#8220;on&#8220; background_color_gradient_stops=&#8220;rgba(255,255,255,0) 66%|#ffffff 100%&#8220; background_color_gradient_overlays_image=&#8220;on&#8220; background_enable_image=&#8220;off&#8220; global_colors_info=&#8220;{}&#8220;][et_pb_row column_structure=&#8220;3_5,2_5&#8243; module_class=&#8220;pa-inline-buttons&#8220; _builder_version=&#8220;4.27.4&#8243; _module_preset=&#8220;default&#8220; custom_margin=&#8220;||||false|false&#8220; global_colors_info=&#8220;{}&#8220;][et_pb_column type=&#8220;3_5&#8243; _builder_version=&#8220;4.27.4&#8243; _module_preset=&#8220;default&#8220; global_colors_info=&#8220;{}&#8220;][et_pb_text _builder_version=&#8220;4.27.4&#8243; _module_preset=&#8220;default&#8220; header_line_height=&#8220;1.3em&#8220; header_2_font_size=&#8220;45px&#8220; header_2_line_height=&#8220;1.2em&#8220; header_3_font_size=&#8220;35px&#8220; header_3_line_height=&#8220;1.3em&#8220; custom_margin=&#8220;||30px||false|false&#8220; header_font_size_tablet=&#8220;50px&#8220; header_font_size_phone=&#8220;45px&#8220; header_font_size_last_edited=&#8220;on|desktop&#8220; header_2_font_size_tablet=&#8220;35px&#8220; header_2_font_size_phone=&#8220;30px&#8220; header_2_font_size_last_edited=&#8220;on|phone&#8220; header_3_font_size_tablet=&#8220;30px&#8220; header_3_font_size_phone=&#8220;26px&#8220; header_3_font_size_last_edited=&#8220;on|desktop&#8220; global_module=&#8220;116&#8243; saved_tabs=&#8220;all&#8220; global_colors_info=&#8220;{}&#8220;]<\/p>\n<h3><span style=\"color: #403940;\">Unterst\u00fctzung bei genehmigten Fahrten<br \/><\/span><\/h3>\n<p>Taxi Hartmann hilft Ihnen, alle Formalit\u00e4ten f\u00fcr Krankentransporte zu kl\u00e4ren.<\/p>\n<p>Wir unterst\u00fctzen Sie bei der Beantragung notwendiger Genehmigungen und \u00fcbernehmen die Abrechnung direkt mit Ihrer Krankenkasse. Ob ambulante Behandlungen, Dialyse oder station\u00e4re Aufnahmen sowie Entlassung \u2013 unser Service sorgt f\u00fcr eine stressfreie Organisation.<\/p>\n<p>Sollte f\u00fcr die Fahrt keine Verordnung vorliegen, bekommen Sie von uns eine Quittung und k\u00f6nnen diese bei Ihrer Krankenkasse einreichen.<\/p>\n<p>Vertrauen Sie auf unseren professionellen Service!<\/p>\n<p>[\/et_pb_text][et_pb_button button_url=&#8220;@ET-DC@eyJkeW5hbWljIjp0cnVlLCJjb250ZW50IjoicG9zdF9saW5rX3VybF9wYWdlIiwic2V0dGluZ3MiOnsicG9zdF9pZCI6IjM3In19@&#8220; button_text=&#8220;Krankenfahrt buchen&#8220; _builder_version=&#8220;4.27.4&#8243; _dynamic_attributes=&#8220;button_url&#8220; _module_preset=&#8220;default&#8220; custom_margin=&#8220;|20px|||false|false&#8220; global_colors_info=&#8220;{}&#8220;][\/et_pb_button][\/et_pb_column][et_pb_column type=&#8220;2_5&#8243; _builder_version=&#8220;4.27.4&#8243; _module_preset=&#8220;default&#8220; global_colors_info=&#8220;{}&#8220;][et_pb_image src=&#8220;https:\/\/taxi-hartmann.saarbourg-webdesign.de\/wp-content\/uploads\/2025\/02\/Taxi-Hartmann_Vorlage_Verordnund-einer-Krankenbefoerderung.jpg&#8220; title_text=&#8220;Taxi-Hartmann_Vorlage_Verordnund-einer-Krankenbef\u00f6rderung&#8220; show_in_lightbox=&#8220;on&#8220; _builder_version=&#8220;4.27.4&#8243; _module_preset=&#8220;default&#8220; max_width=&#8220;350px&#8220; custom_margin=&#8220;-150px||||false|false&#8220; custom_margin_tablet=&#8220;0px||||false|false&#8220; custom_margin_phone=&#8220;0px||||false|false&#8220; custom_margin_last_edited=&#8220;on|phone&#8220; border_width_all=&#8220;2px&#8220; border_color_all=&#8220;#EC6625&#8243; global_colors_info=&#8220;{}&#8220;][\/et_pb_image][\/et_pb_column][\/et_pb_row][\/et_pb_section]<\/p>\n","protected":false},"excerpt":{"rendered":"<p>Krankenfahrten Ob zur Behandlung, Therapie oder Untersuchung \u2013 wir bringen Sie p\u00fcnktlich und bequem zum Arzt oder ins Krankenhaus. Unser erfahrenes Team unterst\u00fctzt Sie bei jeder Fahrt und k\u00fcmmert sich um die Abrechnung mit Ihrer Krankenkasse.Ihr verl\u00e4sslicher Partnerf\u00fcr Krankenfahrten Taxi Hartmann bietet Ihnen sichere und bequeme Krankenfahrten zu allen medizinischen Terminen \u2013 ob zur Dialyse, [&hellip;]<\/p>\n","protected":false},"author":1,"featured_media":0,"parent":0,"menu_order":0,"comment_status":"closed","ping_status":"closed","template":"","meta":{"_et_pb_use_builder":"on","_et_pb_old_content":"","_et_gb_content_width":"","footnotes":""},"difl_page_category":[],"class_list":["post-34","page","type-page","status-publish","hentry"],"_links":{"self":[{"href":"https:\/\/taxi-hartmann.saarbourg-webdesign.de\/index.php\/wp-json\/wp\/v2\/pages\/34","targetHints":{"allow":["GET"]}}],"collection":[{"href":"https:\/\/taxi-hartmann.saarbourg-webdesign.de\/index.php\/wp-json\/wp\/v2\/pages"}],"about":[{"href":"https:\/\/taxi-hartmann.saarbourg-webdesign.de\/index.php\/wp-json\/wp\/v2\/types\/page"}],"author":[{"embeddable":true,"href":"https:\/\/taxi-hartmann.saarbourg-webdesign.de\/index.php\/wp-json\/wp\/v2\/users\/1"}],"replies":[{"embeddable":true,"href":"https:\/\/taxi-hartmann.saarbourg-webdesign.de\/index.php\/wp-json\/wp\/v2\/comments?post=34"}],"version-history":[{"count":10,"href":"https:\/\/taxi-hartmann.saarbourg-webdesign.de\/index.php\/wp-json\/wp\/v2\/pages\/34\/revisions"}],"predecessor-version":[{"id":527,"href":"https:\/\/taxi-hartmann.saarbourg-webdesign.de\/index.php\/wp-json\/wp\/v2\/pages\/34\/revisions\/527"}],"wp:attachment":[{"href":"https:\/\/taxi-hartmann.saarbourg-webdesign.de\/index.php\/wp-json\/wp\/v2\/media?parent=34"}],"wp:term":[{"taxonomy":"difl_page_category","embeddable":true,"href":"https:\/\/taxi-hartmann.saarbourg-webdesign.de\/index.php\/wp-json\/wp\/v2\/difl_page_category?post=34"}],"curies":[{"name":"wp","href":"https:\/\/api.w.org\/{rel}","templated":true}]}}