{"id":33,"date":"2025-02-10T13:40:20","date_gmt":"2025-02-10T13:40:20","guid":{"rendered":"https:\/\/taxi-hartmann.saarbourg-webdesign.de\/?page_id=33"},"modified":"2025-06-16T13:21:22","modified_gmt":"2025-06-16T13:21:22","slug":"flughafentransfer","status":"publish","type":"page","link":"https:\/\/taxi-hartmann.saarbourg-webdesign.de\/index.php\/flughafentransfer\/","title":{"rendered":"Flughafentransfer"},"content":{"rendered":"<p>[et_pb_section fb_built=&#8220;1&#8243; fullwidth=&#8220;on&#8220; _builder_version=&#8220;4.27.4&#8243; _module_preset=&#8220;default&#8220; bottom_divider_style=&#8220;asymmetric&#8220; bottom_divider_color=&#8220;#FFFFFF&#8220; bottom_divider_height=&#8220;150px&#8220; bottom_divider_height_tablet=&#8220;100px&#8220; bottom_divider_height_phone=&#8220;70px&#8220; bottom_divider_height_last_edited=&#8220;on|phone&#8220; global_colors_info=&#8220;{}&#8220;][et_pb_fullwidth_header content_last_edited=&#8220;off|desktop&#8220; _builder_version=&#8220;4.27.4&#8243; _dynamic_attributes=&#8220;button_two_url&#8220; _module_preset=&#8220;default&#8220; title_font_size=&#8220;60px&#8220; background_enable_color=&#8220;off&#8220; use_background_color_gradient=&#8220;on&#8220; background_color_gradient_stops=&#8220;rgba(64,57,64,0.7) 0%|rgba(64,57,64,0.8) 99%&#8220; background_color_gradient_overlays_image=&#8220;on&#8220; background_image=&#8220;https:\/\/taxi-hartmann.saarbourg-webdesign.de\/wp-content\/uploads\/2025\/02\/Taxi-Hartmann_Headerbild_Flughafentransfer.jpg&#8220; parallax=&#8220;on&#8220; parallax_method=&#8220;on&#8220; custom_button_one=&#8220;on&#8220; button_one_text_color=&#8220;#403940&#8243; button_one_bg_color=&#8220;#EAEAEA&#8220; custom_margin=&#8220;||||false|false&#8220; custom_padding=&#8220;100px||200px||false|false&#8220; custom_padding_tablet=&#8220;50px||100px||false|false&#8220; custom_padding_phone=&#8220;30px||50px||false|false&#8220; custom_padding_last_edited=&#8220;on|phone&#8220; title_font_size_tablet=&#8220;50px&#8220; title_font_size_phone=&#8220;35px&#8220; title_font_size_last_edited=&#8220;on|phone&#8220; background_last_edited=&#8220;on|phone&#8220; parallax_tablet=&#8220;off&#8220; global_module=&#8220;292&#8243; global_colors_info=&#8220;{}&#8220; button_one_bg_color__hover_enabled=&#8220;on|hover&#8220; button_one_bg_color__hover=&#8220;#403940&#8243; button_one_bg_enable_color__hover=&#8220;on&#8220; button_one_text_color__hover_enabled=&#8220;on|hover&#8220; button_one_text_color__hover=&#8220;#FFFFFF&#8220;]<\/p>\n<h1>Flughafentransfer<\/h1>\n<p><span>Mit Taxi Hartmann beginnt Ihre Reise entspannt! Unser Flughafentransfer bringt Sie sicher und p\u00fcnktlich zu Ihrem Abflugterminal \u2013 ohne Parkplatzsuche oder Gep\u00e4ckstress. Wir holen Sie rechtzeitig ab, helfen Ihnen mit Ihrem Gep\u00e4ck und bringen Sie bequem ans Ziel.<\/span><\/p>\n<p>[\/et_pb_fullwidth_header][\/et_pb_section][et_pb_section fb_built=&#8220;1&#8243; _builder_version=&#8220;4.27.4&#8243; _module_preset=&#8220;default&#8220; custom_margin=&#8220;0px||||false|false&#8220; custom_padding=&#8220;||100px||false|false&#8220; global_colors_info=&#8220;{}&#8220;][et_pb_row column_structure=&#8220;3_4,1_4&#8243; _builder_version=&#8220;4.27.4&#8243; _module_preset=&#8220;default&#8220; custom_margin=&#8220;||||false|false&#8220; custom_padding=&#8220;0px||||false|false&#8220; global_colors_info=&#8220;{}&#8220;][et_pb_column type=&#8220;3_4&#8243; _builder_version=&#8220;4.27.4&#8243; _module_preset=&#8220;default&#8220; global_colors_info=&#8220;{}&#8220;][et_pb_text _builder_version=&#8220;4.27.4&#8243; _module_preset=&#8220;default&#8220; header_line_height=&#8220;1.3em&#8220; header_2_font_size=&#8220;45px&#8220; header_2_line_height=&#8220;1.2em&#8220; header_3_font_size=&#8220;35px&#8220; header_3_line_height=&#8220;1.3em&#8220; custom_margin=&#8220;||30px||false|false&#8220; header_font_size_tablet=&#8220;50px&#8220; header_font_size_phone=&#8220;45px&#8220; header_font_size_last_edited=&#8220;on|desktop&#8220; header_2_font_size_tablet=&#8220;35px&#8220; header_2_font_size_phone=&#8220;30px&#8220; header_2_font_size_last_edited=&#8220;on|phone&#8220; header_3_font_size_tablet=&#8220;30px&#8220; header_3_font_size_phone=&#8220;26px&#8220; header_3_font_size_last_edited=&#8220;on|desktop&#8220; global_module=&#8220;116&#8243; saved_tabs=&#8220;all&#8220; global_colors_info=&#8220;{}&#8220;]<\/p>\n<h2><span>Entspannt zum Flughafen:<br \/><\/span><span>p\u00fcnktlich und stressfrei<\/span><\/h2>\n<p data-start=\"60\" data-end=\"374\">Mit Taxi Hartmann beginnt Ihre Reise stressfrei! Egal ob fr\u00fch am Morgen oder sp\u00e4t in der Nacht \u2013 unser Flughafentransfer bringt Sie zuverl\u00e4ssig und p\u00fcnktlich zu Ihrem Abflugterminal. Unsere komfortablen Fahrzeuge bieten gen\u00fcgend Platz f\u00fcr Ihr Gep\u00e4ck, auch wenn Sie mit gro\u00dfen Koffern reisen.<\/p>\n<p data-start=\"376\" data-end=\"617\">Nach Ihrer Landung wartet Ihr Taxi bereits am Flughafen auf Sie. Flugversp\u00e4tungen? Kein Problem! Wir verfolgen Ihre Flugzeiten und berechnen keine zus\u00e4tzlichen Geb\u00fchren, wenn sich Ihr Flug versp\u00e4tet.<\/p>\n<p>[\/et_pb_text][et_pb_text _builder_version=&#8220;4.27.4&#8243; _module_preset=&#8220;default&#8220; header_line_height=&#8220;1.3em&#8220; header_2_font_size=&#8220;45px&#8220; header_2_line_height=&#8220;1.2em&#8220; header_3_font_size=&#8220;35px&#8220; header_3_line_height=&#8220;1.3em&#8220; custom_margin=&#8220;||30px||false|false&#8220; header_font_size_tablet=&#8220;50px&#8220; header_font_size_phone=&#8220;45px&#8220; header_font_size_last_edited=&#8220;on|desktop&#8220; header_2_font_size_tablet=&#8220;35px&#8220; header_2_font_size_phone=&#8220;30px&#8220; header_2_font_size_last_edited=&#8220;on|phone&#8220; header_3_font_size_tablet=&#8220;30px&#8220; header_3_font_size_phone=&#8220;26px&#8220; header_3_font_size_last_edited=&#8220;on|desktop&#8220; global_module=&#8220;116&#8243; saved_tabs=&#8220;all&#8220; global_colors_info=&#8220;{}&#8220;]<\/p>\n<h3><span style=\"color: #403940;\">Unsere Leistungen im \u00dcberblick:<\/span><\/h3>\n<p>[\/et_pb_text][\/et_pb_column][et_pb_column type=&#8220;1_4&#8243; disabled_on=&#8220;on|on|off&#8220; _builder_version=&#8220;4.27.4&#8243; _module_preset=&#8220;default&#8220; global_colors_info=&#8220;{}&#8220;][\/et_pb_column][\/et_pb_row][et_pb_row use_custom_gutter=&#8220;on&#8220; gutter_width=&#8220;2&#8243; _builder_version=&#8220;4.27.4&#8243; _module_preset=&#8220;default&#8220; custom_margin=&#8220;-100px||||false|false&#8220; global_colors_info=&#8220;{}&#8220;][et_pb_column type=&#8220;4_4&#8243; _builder_version=&#8220;4.27.4&#8243; _module_preset=&#8220;default&#8220; global_colors_info=&#8220;{}&#8220;][difl_iconlist list_view_type=&#8220;inline&#8220; list_item_per_column=&#8220;4&#8243; list_item_gap=&#8220;5px&#8220; list_item_content_background_bgcolor=&#8220;#403940&#8243; list_item_content_max_width=&#8220;100%&#8220; list_item_icon_color=&#8220;#EC6625&#8243; list_item_image_width=&#8220;75px&#8220; list_item_image_height=&#8220;75px&#8220; list_item_icon_text_gap=&#8220;0px&#8220; list_item_icon_wrapper_margin=&#8220;|-5px|||false|false&#8220; list_item_title_margin=&#8220;|-10px|||false|false&#8220; list_item_wrapper_margin=&#8220;||||false|false&#8220; list_item_wrapper_padding=&#8220;|0px|||false|false&#8220; list_item_per_column_tablet=&#8220;2&#8243; list_item_per_column_phone=&#8220;1&#8243; list_item_per_column_last_edited=&#8220;on|phone&#8220; list_item_gap_tablet=&#8220;5px&#8220; list_item_gap_phone=&#8220;0px&#8220; list_item_gap_last_edited=&#8220;on|phone&#8220; _builder_version=&#8220;4.27.4&#8243; _module_preset=&#8220;default&#8220; child_icon_text_text_color=&#8220;#403940&#8243; child_icon_text_font_size=&#8220;17px&#8220; child_title_text_font=&#8220;|600|||||||&#8220; child_title_text_text_color=&#8220;#403940&#8243; child_title_text_line_height=&#8220;1.4em&#8220; custom_margin=&#8220;|||-30px|false|false&#8220; hover_enabled=&#8220;0&#8243; border_radii_child_image_icon=&#8220;on|100px|100px|100px|100px&#8220; global_colors_info=&#8220;{}&#8220; list_item_icon_bg_color__hover_enabled=&#8220;on|hover&#8220; list_item_icon_bg_color__hover=&#8220;rgba(255,255,255,0.51)&#8220; sticky_enabled=&#8220;0&#8243;][difl_iconlistitem list_item_title=&#8220;Flughafentransfer \u2013 Abholung direkt vor Ihrer Haust\u00fcr&#8220; list_item_icon_type=&#8220;image&#8220; list_item_image=&#8220;https:\/\/taxi-hartmann.saarbourg-webdesign.de\/wp-content\/uploads\/2025\/02\/Taxi-Hartmann_Service-Flughafentransfer.svg&#8220; _builder_version=&#8220;4.27.4&#8243; global_colors_info=&#8220;{}&#8220;][\/difl_iconlistitem][difl_iconlistitem list_item_title=&#8220;Hilfe beim Ein- und Ausladen Ihres Gep\u00e4cks&#8220; list_item_icon_type=&#8220;image&#8220; list_item_image=&#8220;https:\/\/taxi-hartmann.saarbourg-webdesign.de\/wp-content\/uploads\/2025\/02\/Taxi-Hartmann_Service-Gepaeck.svg&#8220; _builder_version=&#8220;4.27.4&#8243; global_colors_info=&#8220;{}&#8220;][\/difl_iconlistitem][difl_iconlistitem list_item_title=&#8220;Zuverl\u00e4ssig und P\u00fcnktlich auf jeder Fahrt&#8220; list_item_icon_type=&#8220;image&#8220; list_item_image=&#8220;https:\/\/taxi-hartmann.saarbourg-webdesign.de\/wp-content\/uploads\/2025\/02\/Taxi-Hartmann_Service-Zuverlaessig.svg&#8220; _builder_version=&#8220;4.27.4&#8243; global_colors_info=&#8220;{}&#8220;][\/difl_iconlistitem][difl_iconlistitem list_item_title=&#8220;Moderne, gepflegte und klimatisierte Fahrzeuge&#8220; list_item_icon_type=&#8220;image&#8220; list_item_image=&#8220;https:\/\/taxi-hartmann.saarbourg-webdesign.de\/wp-content\/uploads\/2025\/06\/Taxi-Hartmann_Moderne-Fahrzeuge.svg&#8220; _builder_version=&#8220;4.27.4&#8243; hover_enabled=&#8220;0&#8243; global_colors_info=&#8220;{}&#8220; title_text=&#8220;Taxi-Hartmann_Moderne-Fahrzeuge&#8220; sticky_enabled=&#8220;0&#8243;][\/difl_iconlistitem][\/difl_iconlist][\/et_pb_column][\/et_pb_row][\/et_pb_section][et_pb_section fb_built=&#8220;1&#8243; _builder_version=&#8220;4.27.4&#8243; _module_preset=&#8220;default&#8220; background_color=&#8220;#EAEAEA&#8220; use_background_color_gradient=&#8220;on&#8220; background_color_gradient_stops=&#8220;rgba(255,255,255,0) 66%|#ffffff 100%&#8220; background_color_gradient_overlays_image=&#8220;on&#8220; background_enable_image=&#8220;off&#8220; global_colors_info=&#8220;{}&#8220;][et_pb_row column_structure=&#8220;1_2,1_2&#8243; use_custom_gutter=&#8220;on&#8220; gutter_width=&#8220;2&#8243; module_class=&#8220;pa-inline-buttons&#8220; _builder_version=&#8220;4.27.4&#8243; _module_preset=&#8220;default&#8220; custom_margin=&#8220;-150px||||false|false&#8220; global_colors_info=&#8220;{}&#8220;][et_pb_column type=&#8220;1_2&#8243; _builder_version=&#8220;4.27.4&#8243; _module_preset=&#8220;default&#8220; global_colors_info=&#8220;{}&#8220;][et_pb_image src=&#8220;data:image\/svg+xml;base64,PHN2ZyB3aWR0aD0iMTA4MCIgaGVpZ2h0PSI1NDAiIHZpZXdCb3g9IjAgMCAxMDgwIDU0MCIgeG1sbnM9Imh0dHA6Ly93d3cudzMub3JnLzIwMDAvc3ZnIj4KICAgIDxnIGZpbGw9Im5vbmUiIGZpbGwtcnVsZT0iZXZlbm9kZCI+CiAgICAgICAgPHBhdGggZmlsbD0iI0VCRUJFQiIgZD0iTTAgMGgxMDgwdjU0MEgweiIvPgogICAgICAgIDxwYXRoIGQ9Ik00NDUuNjQ5IDU0MGgtOTguOTk1TDE0NC42NDkgMzM3Ljk5NSAwIDQ4Mi42NDR2LTk4Ljk5NWwxMTYuMzY1LTExNi4zNjVjMTUuNjItMTUuNjIgNDAuOTQ3LTE1LjYyIDU2LjU2OCAwTDQ0NS42NSA1NDB6IiBmaWxsLW9wYWNpdHk9Ii4xIiBmaWxsPSIjMDAwIiBmaWxsLXJ1bGU9Im5vbnplcm8iLz4KICAgICAgICA8Y2lyY2xlIGZpbGwtb3BhY2l0eT0iLjA1IiBmaWxsPSIjMDAwIiBjeD0iMzMxIiBjeT0iMTQ4IiByPSI3MCIvPgogICAgICAgIDxwYXRoIGQ9Ik0xMDgwIDM3OXYxMTMuMTM3TDcyOC4xNjIgMTQwLjMgMzI4LjQ2MiA1NDBIMjE1LjMyNEw2OTkuODc4IDU1LjQ0NmMxNS42Mi0xNS42MiA0MC45NDgtMTUuNjIgNTYuNTY4IDBMMTA4MCAzNzl6IiBmaWxsLW9wYWNpdHk9Ii4yIiBmaWxsPSIjMDAwIiBmaWxsLXJ1bGU9Im5vbnplcm8iLz4KICAgIDwvZz4KPC9zdmc+Cg==&#8220; _builder_version=&#8220;4.27.4&#8243; _module_preset=&#8220;default&#8220; border_width_all=&#8220;2px&#8220; border_color_all=&#8220;#EC6625&#8243; global_colors_info=&#8220;{}&#8220;][\/et_pb_image][\/et_pb_column][et_pb_column type=&#8220;1_2&#8243; _builder_version=&#8220;4.27.4&#8243; _module_preset=&#8220;default&#8220; global_colors_info=&#8220;{}&#8220;][et_pb_image src=&#8220;data:image\/svg+xml;base64,PHN2ZyB3aWR0aD0iMTA4MCIgaGVpZ2h0PSI1NDAiIHZpZXdCb3g9IjAgMCAxMDgwIDU0MCIgeG1sbnM9Imh0dHA6Ly93d3cudzMub3JnLzIwMDAvc3ZnIj4KICAgIDxnIGZpbGw9Im5vbmUiIGZpbGwtcnVsZT0iZXZlbm9kZCI+CiAgICAgICAgPHBhdGggZmlsbD0iI0VCRUJFQiIgZD0iTTAgMGgxMDgwdjU0MEgweiIvPgogICAgICAgIDxwYXRoIGQ9Ik00NDUuNjQ5IDU0MGgtOTguOTk1TDE0NC42NDkgMzM3Ljk5NSAwIDQ4Mi42NDR2LTk4Ljk5NWwxMTYuMzY1LTExNi4zNjVjMTUuNjItMTUuNjIgNDAuOTQ3LTE1LjYyIDU2LjU2OCAwTDQ0NS42NSA1NDB6IiBmaWxsLW9wYWNpdHk9Ii4xIiBmaWxsPSIjMDAwIiBmaWxsLXJ1bGU9Im5vbnplcm8iLz4KICAgICAgICA8Y2lyY2xlIGZpbGwtb3BhY2l0eT0iLjA1IiBmaWxsPSIjMDAwIiBjeD0iMzMxIiBjeT0iMTQ4IiByPSI3MCIvPgogICAgICAgIDxwYXRoIGQ9Ik0xMDgwIDM3OXYxMTMuMTM3TDcyOC4xNjIgMTQwLjMgMzI4LjQ2MiA1NDBIMjE1LjMyNEw2OTkuODc4IDU1LjQ0NmMxNS42Mi0xNS42MiA0MC45NDgtMTUuNjIgNTYuNTY4IDBMMTA4MCAzNzl6IiBmaWxsLW9wYWNpdHk9Ii4yIiBmaWxsPSIjMDAwIiBmaWxsLXJ1bGU9Im5vbnplcm8iLz4KICAgIDwvZz4KPC9zdmc+Cg==&#8220; _builder_version=&#8220;4.27.4&#8243; _module_preset=&#8220;default&#8220; border_width_all=&#8220;2px&#8220; border_color_all=&#8220;#EC6625&#8243; global_colors_info=&#8220;{}&#8220;][\/et_pb_image][\/et_pb_column][\/et_pb_row][\/et_pb_section]<\/p>\n","protected":false},"excerpt":{"rendered":"<p>Flughafentransfer Mit Taxi Hartmann beginnt Ihre Reise entspannt! Unser Flughafentransfer bringt Sie sicher und p\u00fcnktlich zu Ihrem Abflugterminal \u2013 ohne Parkplatzsuche oder Gep\u00e4ckstress. Wir holen Sie rechtzeitig ab, helfen Ihnen mit Ihrem Gep\u00e4ck und bringen Sie bequem ans Ziel.Entspannt zum Flughafen:p\u00fcnktlich und stressfrei Mit Taxi Hartmann beginnt Ihre Reise stressfrei! Egal ob fr\u00fch am Morgen [&hellip;]<\/p>\n","protected":false},"author":1,"featured_media":0,"parent":0,"menu_order":0,"comment_status":"closed","ping_status":"closed","template":"","meta":{"_et_pb_use_builder":"on","_et_pb_old_content":"","_et_gb_content_width":"","footnotes":""},"difl_page_category":[],"class_list":["post-33","page","type-page","status-publish","hentry"],"_links":{"self":[{"href":"https:\/\/taxi-hartmann.saarbourg-webdesign.de\/index.php\/wp-json\/wp\/v2\/pages\/33","targetHints":{"allow":["GET"]}}],"collection":[{"href":"https:\/\/taxi-hartmann.saarbourg-webdesign.de\/index.php\/wp-json\/wp\/v2\/pages"}],"about":[{"href":"https:\/\/taxi-hartmann.saarbourg-webdesign.de\/index.php\/wp-json\/wp\/v2\/types\/page"}],"author":[{"embeddable":true,"href":"https:\/\/taxi-hartmann.saarbourg-webdesign.de\/index.php\/wp-json\/wp\/v2\/users\/1"}],"replies":[{"embeddable":true,"href":"https:\/\/taxi-hartmann.saarbourg-webdesign.de\/index.php\/wp-json\/wp\/v2\/comments?post=33"}],"version-history":[{"count":9,"href":"https:\/\/taxi-hartmann.saarbourg-webdesign.de\/index.php\/wp-json\/wp\/v2\/pages\/33\/revisions"}],"predecessor-version":[{"id":526,"href":"https:\/\/taxi-hartmann.saarbourg-webdesign.de\/index.php\/wp-json\/wp\/v2\/pages\/33\/revisions\/526"}],"wp:attachment":[{"href":"https:\/\/taxi-hartmann.saarbourg-webdesign.de\/index.php\/wp-json\/wp\/v2\/media?parent=33"}],"wp:term":[{"taxonomy":"difl_page_category","embeddable":true,"href":"https:\/\/taxi-hartmann.saarbourg-webdesign.de\/index.php\/wp-json\/wp\/v2\/difl_page_category?post=33"}],"curies":[{"name":"wp","href":"https:\/\/api.w.org\/{rel}","templated":true}]}}